{"id":4343,"date":"2017-09-01T15:54:21","date_gmt":"2017-09-01T13:54:21","guid":{"rendered":"https:\/\/www.seltskonnamangud.ee\/party-games-at-corporate-events-and-birthday-parties\/"},"modified":"2018-02-08T15:33:50","modified_gmt":"2018-02-08T13:33:50","slug":"party-games-at-corporate-events-and-birthday-parties","status":"publish","type":"page","link":"https:\/\/www.seltskonnamangud.ee\/en\/party-games-at-corporate-events-and-birthday-parties\/","title":{"rendered":"Party games at corporate events and birthday parties"},"content":{"rendered":"<h1><span style=\"color: #e8073f;\">Party games at corporate events and birthday parties<\/span><\/h1>\n<p>Our party games bring lots of thrill and delight to private and corporate events. We adapt our party games to fit different occasions, giv<span style=\"color: #000000;\">en the specific nature of the event. Our games are suitable for the company\u2019s employees, customers as well as good friends and relatives.<\/span><\/p>\n<p><span style=\"color: #000000;\">Our company, Vaba Aja Ekspert Ltd, has organized diffrent events for corporate and leisure customers over eight years.<\/span><\/p>\n<p><span style=\"color: #000000;\">We offer both fun and practical entertainment. Our goal is to meet the corporate and leisure customer\u2019s needs with active and enthralling entertainment at their events.<\/span><\/p>\n<figure id=\"attachment_3733\" aria-describedby=\"caption-attachment-3733\" style=\"width: 250px\" class=\"wp-caption alignright\"><a href=\"http:\/\/www.seltskonnamangud.ee\/wp-content\/uploads\/2017\/01\/Mysteerium-1024x683.jpg\"><img fetchpriority=\"high\" decoding=\"async\" class=\"wp-image-3733 size-thumbnail\" src=\"http:\/\/www.seltskonnamangud.ee\/wp-content\/uploads\/2017\/01\/Mysteerium-1024x683-250x250.jpg\" alt=\"Corporate Events with Murder Mystery\" width=\"250\" height=\"250\" srcset=\"https:\/\/www.seltskonnamangud.ee\/wp-content\/uploads\/2017\/01\/Mysteerium-1024x683-250x250.jpg 250w, https:\/\/www.seltskonnamangud.ee\/wp-content\/uploads\/2017\/01\/Mysteerium-1024x683-85x85.jpg 85w, https:\/\/www.seltskonnamangud.ee\/wp-content\/uploads\/2017\/01\/Mysteerium-1024x683-80x80.jpg 80w\" sizes=\"(max-width: 250px) 100vw, 250px\" \/><\/a><figcaption id=\"caption-attachment-3733\" class=\"wp-caption-text\">Corporate Events with Murder Mystery<\/figcaption><\/figure>\n<p>We have organized and been involved in socializing with more than 450 celebrations for both corporate customer (summer days, Christmas events, teamwork, practicum, different holidays etc) as well as for leisure customer (birthday, wedding anniversary etc). Our main service is to offer teamwork and party games for groups.<\/p>\n<p>Our games provide a variety of entertainment to events and make the whole event process smooth and memorable. In addition to organizing the games at your event, we also assist you to plan and prepare the event. Whenever possible, we also capture the event in pictures which you can later quickly share with the participants.<\/p>\n<p>For each event, we try to customize the game according to the customer\u2019s wishes. We try to help in organizing the whole party \u2013 starting with designing the Party Invitation and finishing with sharing the pictures made at the event.<\/p>\n<p>Teamwork games are suitable to unite with\/before\/after trainings, conferences, workshops etc.\u00a0 Games offer relaxation as well as opportunity to practice team work.<\/p>\n<h2>Our teamwork games (prizes start from 520 EUR):<\/h2>\n<ul>\n<li><span style=\"color: #d132c1;\"><strong>Role-playing game \u201e<a href=\"https:\/\/www.seltskonnamangud.ee\/en\/party-game-murder-mystery\/\" target=\"_blank\" rel=\"noopener\">Murder Mystery in London<\/a>\u201c<\/strong><\/span><\/li>\n<li><span style=\"color: #d132c1;\"><strong>Teamwork game \u201e<a href=\"https:\/\/www.seltskonnamangud.ee\/en\/dream-team-teambuilding-game\/\" target=\"_blank\" rel=\"noopener\">Dream team<\/a>\u201c<\/strong><\/span><\/li>\n<li><span style=\"color: #d132c1;\"><strong>Adventurous game \u201eSpy Academy\u201c<\/strong><\/span><\/li>\n<\/ul>\n<p>In addition we organize birthday parties and disco nights (prizes start from 375 EUR).<\/p>\n<p>Birthday parties and anniversaries are filled with fun entertainment and gives everybody a chance to relax and enjoy the celebration. Our wish and aim is to give to all participants the joy and positive emotions.<\/p>\n<h3><span style=\"color: #e30eca;\"><a style=\"color: #e30eca;\" href=\"http:\/\/www.seltskonnamangud.ee\/kliendid\/\" target=\"_blank\" rel=\"noopener noreferrer\">Our customers.<\/a><\/span><\/h3>\n<h3>Our contacts:<\/h3>\n<p>Vaba Aja Ekspert ltd\u00a0\/ <a href=\"mailto:info@seltskonnamangud.ee\">info@seltskonnamangud.ee<\/a> \/ + 372 56 222\u00a0951<\/p>\n<p>&nbsp;<\/p>\n","protected":false},"excerpt":{"rendered":"<p>Party games at corporate events and birthday parties Our party games bring lots of thrill and delight to private and corporate events. We adapt our party games to fit different occasions, given the specific nature of the event. Our games are suitable for the company\u2019s employees, customers as well as good friends and relatives. Our [&hellip;]<\/p>\n","protected":false},"author":6,"featured_media":7456,"parent":0,"menu_order":0,"comment_status":"closed","ping_status":"closed","template":"","meta":{"footnotes":""},"class_list":["post-4343","page","type-page","status-publish","has-post-thumbnail","hentry"],"yoast_head":"<!-- This site is optimized with the Yoast SEO Premium plugin v26.5 (Yoast SEO v27.4) - https:\/\/yoast.com\/product\/yoast-seo-premium-wordpress\/ -->\n<title>Party games at corporate events and birthday parties<\/title>\n<meta name=\"description\" content=\"Our party games bring lots of thrill and delight to private and corporate events.\" \/>\n<meta name=\"robots\" content=\"index, follow, max-snippet:-1, max-image-preview:large, max-video-preview:-1\" \/>\n<link rel=\"canonical\" href=\"https:\/\/www.seltskonnamangud.ee\/ohtujuht\/\" \/>\n<meta property=\"og:locale\" content=\"en_US\" \/>\n<meta property=\"og:type\" content=\"article\" \/>\n<meta property=\"og:title\" content=\"Party games at corporate events and birthday parties\" \/>\n<meta property=\"og:description\" content=\"Our party games bring lots of thrill and delight to private and corporate events.\" \/>\n<meta property=\"og:url\" content=\"https:\/\/www.seltskonnamangud.ee\/ohtujuht\/\" \/>\n<meta property=\"og:site_name\" content=\"\u00d5htujuht ja Meeskonnam\u00e4ngud | Gert Uuetoa\" \/>\n<meta property=\"article:publisher\" content=\"https:\/\/www.facebook.com\/ohtujuht.gert.uuetoa\" \/>\n<meta property=\"article:modified_time\" content=\"2018-02-08T13:33:50+00:00\" \/>\n<meta property=\"og:image\" content=\"https:\/\/www.seltskonnamangud.ee\/wp-content\/uploads\/2025\/03\/Viljandi-LV-10-4-scaled-e1762170521125.jpg\" \/>\n\t<meta property=\"og:image:width\" content=\"2560\" \/>\n\t<meta property=\"og:image:height\" content=\"1707\" \/>\n\t<meta property=\"og:image:type\" content=\"image\/jpeg\" \/>\n<meta name=\"twitter:label1\" content=\"Est. reading time\" \/>\n\t<meta name=\"twitter:data1\" content=\"2 minutes\" \/>\n<script type=\"application\/ld+json\" class=\"yoast-schema-graph\">{\"@context\":\"https:\\\/\\\/schema.org\",\"@graph\":[{\"@type\":\"WebPage\",\"@id\":\"https:\\\/\\\/www.seltskonnamangud.ee\\\/ohtujuht\\\/\",\"url\":\"https:\\\/\\\/www.seltskonnamangud.ee\\\/ohtujuht\\\/\",\"name\":\"Party games at corporate events and birthday parties\",\"isPartOf\":{\"@id\":\"https:\\\/\\\/www.seltskonnamangud.ee\\\/#website\"},\"primaryImageOfPage\":{\"@id\":\"https:\\\/\\\/www.seltskonnamangud.ee\\\/ohtujuht\\\/#primaryimage\"},\"image\":{\"@id\":\"https:\\\/\\\/www.seltskonnamangud.ee\\\/ohtujuht\\\/#primaryimage\"},\"thumbnailUrl\":\"https:\\\/\\\/www.seltskonnamangud.ee\\\/wp-content\\\/uploads\\\/2025\\\/03\\\/Viljandi-LV-10-4-scaled-e1762170521125.jpg\",\"datePublished\":\"2017-09-01T13:54:21+00:00\",\"dateModified\":\"2018-02-08T13:33:50+00:00\",\"description\":\"Our party games bring lots of thrill and delight to private and corporate events.\",\"breadcrumb\":{\"@id\":\"https:\\\/\\\/www.seltskonnamangud.ee\\\/ohtujuht\\\/#breadcrumb\"},\"inLanguage\":\"en-US\",\"potentialAction\":[{\"@type\":\"ReadAction\",\"target\":[\"https:\\\/\\\/www.seltskonnamangud.ee\\\/ohtujuht\\\/\"]}]},{\"@type\":\"ImageObject\",\"inLanguage\":\"en-US\",\"@id\":\"https:\\\/\\\/www.seltskonnamangud.ee\\\/ohtujuht\\\/#primaryimage\",\"url\":\"https:\\\/\\\/www.seltskonnamangud.ee\\\/wp-content\\\/uploads\\\/2025\\\/03\\\/Viljandi-LV-10-4-scaled-e1762170521125.jpg\",\"contentUrl\":\"https:\\\/\\\/www.seltskonnamangud.ee\\\/wp-content\\\/uploads\\\/2025\\\/03\\\/Viljandi-LV-10-4-scaled-e1762170521125.jpg\",\"width\":2560,\"height\":1707,\"caption\":\"\u00d5htujuht Gert Uuetoa\"},{\"@type\":\"BreadcrumbList\",\"@id\":\"https:\\\/\\\/www.seltskonnamangud.ee\\\/ohtujuht\\\/#breadcrumb\",\"itemListElement\":[{\"@type\":\"ListItem\",\"position\":1,\"name\":\"Avaleht\",\"item\":\"https:\\\/\\\/www.seltskonnamangud.ee\\\/\"},{\"@type\":\"ListItem\",\"position\":2,\"name\":\"Party games at corporate events and birthday parties\"}]},{\"@type\":\"WebSite\",\"@id\":\"https:\\\/\\\/www.seltskonnamangud.ee\\\/#website\",\"url\":\"https:\\\/\\\/www.seltskonnamangud.ee\\\/\",\"name\":\"\u00d5htujuht, p\u00e4evajuht, DJ ja pulmaisa.\",\"description\":\"Pulmaisa, firmapeod ja tiimi\u00fcritused \u00fcle Eesti\",\"publisher\":{\"@id\":\"https:\\\/\\\/www.seltskonnamangud.ee\\\/#organization\"},\"potentialAction\":[{\"@type\":\"SearchAction\",\"target\":{\"@type\":\"EntryPoint\",\"urlTemplate\":\"https:\\\/\\\/www.seltskonnamangud.ee\\\/?s={search_term_string}\"},\"query-input\":{\"@type\":\"PropertyValueSpecification\",\"valueRequired\":true,\"valueName\":\"search_term_string\"}}],\"inLanguage\":\"en-US\"},{\"@type\":\"Organization\",\"@id\":\"https:\\\/\\\/www.seltskonnamangud.ee\\\/#organization\",\"name\":\"Gert Uuetoa peod\",\"url\":\"https:\\\/\\\/www.seltskonnamangud.ee\\\/\",\"logo\":{\"@type\":\"ImageObject\",\"inLanguage\":\"en-US\",\"@id\":\"https:\\\/\\\/www.seltskonnamangud.ee\\\/#\\\/schema\\\/logo\\\/image\\\/\",\"url\":\"https:\\\/\\\/www.seltskonnamangud.ee\\\/wp-content\\\/uploads\\\/2025\\\/03\\\/Seltskonna-logo-lilla.png\",\"contentUrl\":\"https:\\\/\\\/www.seltskonnamangud.ee\\\/wp-content\\\/uploads\\\/2025\\\/03\\\/Seltskonna-logo-lilla.png\",\"width\":588,\"height\":458,\"caption\":\"Gert Uuetoa peod\"},\"image\":{\"@id\":\"https:\\\/\\\/www.seltskonnamangud.ee\\\/#\\\/schema\\\/logo\\\/image\\\/\"},\"sameAs\":[\"https:\\\/\\\/www.facebook.com\\\/ohtujuht.gert.uuetoa\"]}]}<\/script>\n<!-- \/ Yoast SEO Premium plugin. -->","yoast_head_json":{"title":"Party games at corporate events and birthday parties","description":"Our party games bring lots of thrill and delight to private and corporate events.","robots":{"index":"index","follow":"follow","max-snippet":"max-snippet:-1","max-image-preview":"max-image-preview:large","max-video-preview":"max-video-preview:-1"},"canonical":"https:\/\/www.seltskonnamangud.ee\/ohtujuht\/","og_locale":"en_US","og_type":"article","og_title":"Party games at corporate events and birthday parties","og_description":"Our party games bring lots of thrill and delight to private and corporate events.","og_url":"https:\/\/www.seltskonnamangud.ee\/ohtujuht\/","og_site_name":"\u00d5htujuht ja Meeskonnam\u00e4ngud | Gert Uuetoa","article_publisher":"https:\/\/www.facebook.com\/ohtujuht.gert.uuetoa","article_modified_time":"2018-02-08T13:33:50+00:00","og_image":[{"width":2560,"height":1707,"url":"https:\/\/www.seltskonnamangud.ee\/wp-content\/uploads\/2025\/03\/Viljandi-LV-10-4-scaled-e1762170521125.jpg","type":"image\/jpeg"}],"twitter_misc":{"Est. reading time":"2 minutes"},"schema":{"@context":"https:\/\/schema.org","@graph":[{"@type":"WebPage","@id":"https:\/\/www.seltskonnamangud.ee\/ohtujuht\/","url":"https:\/\/www.seltskonnamangud.ee\/ohtujuht\/","name":"Party games at corporate events and birthday parties","isPartOf":{"@id":"https:\/\/www.seltskonnamangud.ee\/#website"},"primaryImageOfPage":{"@id":"https:\/\/www.seltskonnamangud.ee\/ohtujuht\/#primaryimage"},"image":{"@id":"https:\/\/www.seltskonnamangud.ee\/ohtujuht\/#primaryimage"},"thumbnailUrl":"https:\/\/www.seltskonnamangud.ee\/wp-content\/uploads\/2025\/03\/Viljandi-LV-10-4-scaled-e1762170521125.jpg","datePublished":"2017-09-01T13:54:21+00:00","dateModified":"2018-02-08T13:33:50+00:00","description":"Our party games bring lots of thrill and delight to private and corporate events.","breadcrumb":{"@id":"https:\/\/www.seltskonnamangud.ee\/ohtujuht\/#breadcrumb"},"inLanguage":"en-US","potentialAction":[{"@type":"ReadAction","target":["https:\/\/www.seltskonnamangud.ee\/ohtujuht\/"]}]},{"@type":"ImageObject","inLanguage":"en-US","@id":"https:\/\/www.seltskonnamangud.ee\/ohtujuht\/#primaryimage","url":"https:\/\/www.seltskonnamangud.ee\/wp-content\/uploads\/2025\/03\/Viljandi-LV-10-4-scaled-e1762170521125.jpg","contentUrl":"https:\/\/www.seltskonnamangud.ee\/wp-content\/uploads\/2025\/03\/Viljandi-LV-10-4-scaled-e1762170521125.jpg","width":2560,"height":1707,"caption":"\u00d5htujuht Gert Uuetoa"},{"@type":"BreadcrumbList","@id":"https:\/\/www.seltskonnamangud.ee\/ohtujuht\/#breadcrumb","itemListElement":[{"@type":"ListItem","position":1,"name":"Avaleht","item":"https:\/\/www.seltskonnamangud.ee\/"},{"@type":"ListItem","position":2,"name":"Party games at corporate events and birthday parties"}]},{"@type":"WebSite","@id":"https:\/\/www.seltskonnamangud.ee\/#website","url":"https:\/\/www.seltskonnamangud.ee\/","name":"\u00d5htujuht, p\u00e4evajuht, DJ ja pulmaisa.","description":"Pulmaisa, firmapeod ja tiimi\u00fcritused \u00fcle Eesti","publisher":{"@id":"https:\/\/www.seltskonnamangud.ee\/#organization"},"potentialAction":[{"@type":"SearchAction","target":{"@type":"EntryPoint","urlTemplate":"https:\/\/www.seltskonnamangud.ee\/?s={search_term_string}"},"query-input":{"@type":"PropertyValueSpecification","valueRequired":true,"valueName":"search_term_string"}}],"inLanguage":"en-US"},{"@type":"Organization","@id":"https:\/\/www.seltskonnamangud.ee\/#organization","name":"Gert Uuetoa peod","url":"https:\/\/www.seltskonnamangud.ee\/","logo":{"@type":"ImageObject","inLanguage":"en-US","@id":"https:\/\/www.seltskonnamangud.ee\/#\/schema\/logo\/image\/","url":"https:\/\/www.seltskonnamangud.ee\/wp-content\/uploads\/2025\/03\/Seltskonna-logo-lilla.png","contentUrl":"https:\/\/www.seltskonnamangud.ee\/wp-content\/uploads\/2025\/03\/Seltskonna-logo-lilla.png","width":588,"height":458,"caption":"Gert Uuetoa peod"},"image":{"@id":"https:\/\/www.seltskonnamangud.ee\/#\/schema\/logo\/image\/"},"sameAs":["https:\/\/www.facebook.com\/ohtujuht.gert.uuetoa"]}]}},"_links":{"self":[{"href":"https:\/\/www.seltskonnamangud.ee\/en\/wp-json\/wp\/v2\/pages\/4343","targetHints":{"allow":["GET"]}}],"collection":[{"href":"https:\/\/www.seltskonnamangud.ee\/en\/wp-json\/wp\/v2\/pages"}],"about":[{"href":"https:\/\/www.seltskonnamangud.ee\/en\/wp-json\/wp\/v2\/types\/page"}],"author":[{"embeddable":true,"href":"https:\/\/www.seltskonnamangud.ee\/en\/wp-json\/wp\/v2\/users\/6"}],"replies":[{"embeddable":true,"href":"https:\/\/www.seltskonnamangud.ee\/en\/wp-json\/wp\/v2\/comments?post=4343"}],"version-history":[{"count":3,"href":"https:\/\/www.seltskonnamangud.ee\/en\/wp-json\/wp\/v2\/pages\/4343\/revisions"}],"predecessor-version":[{"id":4613,"href":"https:\/\/www.seltskonnamangud.ee\/en\/wp-json\/wp\/v2\/pages\/4343\/revisions\/4613"}],"wp:featuredmedia":[{"embeddable":true,"href":"https:\/\/www.seltskonnamangud.ee\/en\/wp-json\/wp\/v2\/media\/7456"}],"wp:attachment":[{"href":"https:\/\/www.seltskonnamangud.ee\/en\/wp-json\/wp\/v2\/media?parent=4343"}],"curies":[{"name":"wp","href":"https:\/\/api.w.org\/{rel}","templated":true}]}}