{"id":4408,"date":"2017-09-12T13:58:49","date_gmt":"2017-09-12T11:58:49","guid":{"rendered":"https:\/\/www.seltskonnamangud.ee\/party-game-murder-mystery\/"},"modified":"2018-01-25T11:08:19","modified_gmt":"2018-01-25T09:08:19","slug":"party-game-murder-mystery","status":"publish","type":"page","link":"https:\/\/www.seltskonnamangud.ee\/en\/party-game-murder-mystery\/","title":{"rendered":"Party game Murder Mystery"},"content":{"rendered":"<h1><span style=\"color: #f00a3f;\">Party game Murder Mystery<a href=\"https:\/\/www.seltskonnamangud.ee\/wp-content\/uploads\/2016\/10\/J\u00f5ulupidu-firmadele-1-1024x704.jpg\"><img fetchpriority=\"high\" decoding=\"async\" class=\"size-thumbnail wp-image-3823 alignright\" src=\"https:\/\/www.seltskonnamangud.ee\/wp-content\/uploads\/2016\/10\/J\u00f5ulupidu-firmadele-1-1024x704-250x250.jpg\" alt=\"\" width=\"250\" height=\"250\" srcset=\"https:\/\/www.seltskonnamangud.ee\/wp-content\/uploads\/2016\/10\/J\u00f5ulupidu-firmadele-1-1024x704-250x250.jpg 250w, https:\/\/www.seltskonnamangud.ee\/wp-content\/uploads\/2016\/10\/J\u00f5ulupidu-firmadele-1-1024x704-85x85.jpg 85w, https:\/\/www.seltskonnamangud.ee\/wp-content\/uploads\/2016\/10\/J\u00f5ulupidu-firmadele-1-1024x704-80x80.jpg 80w\" sizes=\"(max-width: 250px) 100vw, 250px\" \/><\/a><\/span><\/h1>\n<p><span style=\"color: #333333;\">Murder Mystery is a fun and intriguing party game, which is a perfect evening activity for company events and costume parties. <\/span><\/p>\n<p>This is a role play, where every participant has a fun task.<br \/>\nIn the game you have to embody a VIP party guest, detective, gossip reporter or the PR person of a mayoral candidate. The topic of the party is the auction of a valuable diamond.<\/p>\n<p>We&#8217;ll organise the game in a place of your liking across Estonia, such as in a restaurant, tourist house, castle or your home.<\/p>\n<p>The game is suitable for fun team building events and corporate parties. The game format is designed to support also large parties.<\/p>\n<p>Minimum group size is 20.<\/p>\n<p>The game takes 2.5 to 4 hours.<\/p>\n<h4><a href=\"http:\/\/www.seltskonnamangud.ee\/kliendid\/\" target=\"_blank\" rel=\"noopener noreferrer\">Our customers.<\/a><\/h4>\n<h3>Prices of the game:<\/h3>\n<p>520\u00a0\u20ac for 20 participants. Each aditional participant 15 \u20ac.<\/p>\n<p>40 \u2013 50 participants 790\u00a0\u20ac<\/p>\n<p>51\u00a0\u2013 70 participants 990\u00a0\u20ac<\/p>\n<p>71\u00a0\u2013 100 participants 1090\u00a0\u20ac<\/p>\n<p>101 \u2013 130 participants 1 290\u00a0\u20ac<\/p>\n<p>Our contacts:<\/p>\n<p>Vaba Aja Ekspert ltd\u00a0\/\u00a0<a href=\"mailto:info@seltskonnamangud.ee\">info@seltskonnamangud.ee<\/a>\u00a0\/ + 372 56 222\u00a0951<\/p>\n","protected":false},"excerpt":{"rendered":"<p>Party game Murder Mystery Murder Mystery is a fun and intriguing party game, which is a perfect evening activity for company events and costume parties. This is a role play, where every participant has a fun task. In the game you have to embody a VIP party guest, detective, gossip reporter or the PR person [&hellip;]<\/p>\n","protected":false},"author":6,"featured_media":6252,"parent":0,"menu_order":1,"comment_status":"closed","ping_status":"closed","template":"","meta":{"footnotes":""},"class_list":["post-4408","page","type-page","status-publish","has-post-thumbnail","hentry"],"yoast_head":"<!-- This site is optimized with the Yoast SEO Premium plugin v26.5 (Yoast SEO v27.4) - https:\/\/yoast.com\/product\/yoast-seo-premium-wordpress\/ -->\n<title>Party game Murder Mystery<\/title>\n<meta name=\"description\" content=\"Party game Murder Mystery\" \/>\n<meta name=\"robots\" content=\"index, follow, max-snippet:-1, max-image-preview:large, max-video-preview:-1\" \/>\n<link rel=\"canonical\" href=\"https:\/\/www.seltskonnamangud.ee\/morvamusteerium\/\" \/>\n<meta property=\"og:locale\" content=\"en_US\" \/>\n<meta property=\"og:type\" content=\"article\" \/>\n<meta property=\"og:title\" content=\"Party game Murder Mystery\" \/>\n<meta property=\"og:description\" content=\"Party game Murder Mystery\" \/>\n<meta property=\"og:url\" content=\"https:\/\/www.seltskonnamangud.ee\/morvamusteerium\/\" \/>\n<meta property=\"og:site_name\" content=\"\u00d5htujuht ja Meeskonnam\u00e4ngud | Gert Uuetoa\" \/>\n<meta property=\"article:publisher\" content=\"https:\/\/www.facebook.com\/ohtujuht.gert.uuetoa\" \/>\n<meta property=\"article:modified_time\" content=\"2018-01-25T09:08:19+00:00\" \/>\n<meta property=\"og:image\" content=\"https:\/\/www.seltskonnamangud.ee\/wp-content\/uploads\/2019\/01\/G4S-pidu-5.jpg\" \/>\n\t<meta property=\"og:image:width\" content=\"1024\" \/>\n\t<meta property=\"og:image:height\" content=\"768\" \/>\n\t<meta property=\"og:image:type\" content=\"image\/jpeg\" \/>\n<meta name=\"twitter:label1\" content=\"Est. reading time\" \/>\n\t<meta name=\"twitter:data1\" content=\"1 minute\" \/>\n<script type=\"application\/ld+json\" class=\"yoast-schema-graph\">{\"@context\":\"https:\\\/\\\/schema.org\",\"@graph\":[{\"@type\":\"WebPage\",\"@id\":\"https:\\\/\\\/www.seltskonnamangud.ee\\\/morvamusteerium\\\/\",\"url\":\"https:\\\/\\\/www.seltskonnamangud.ee\\\/morvamusteerium\\\/\",\"name\":\"Party game Murder Mystery\",\"isPartOf\":{\"@id\":\"https:\\\/\\\/www.seltskonnamangud.ee\\\/#website\"},\"primaryImageOfPage\":{\"@id\":\"https:\\\/\\\/www.seltskonnamangud.ee\\\/morvamusteerium\\\/#primaryimage\"},\"image\":{\"@id\":\"https:\\\/\\\/www.seltskonnamangud.ee\\\/morvamusteerium\\\/#primaryimage\"},\"thumbnailUrl\":\"https:\\\/\\\/www.seltskonnamangud.ee\\\/wp-content\\\/uploads\\\/2019\\\/01\\\/G4S-pidu-5.jpg\",\"datePublished\":\"2017-09-12T11:58:49+00:00\",\"dateModified\":\"2018-01-25T09:08:19+00:00\",\"description\":\"Party game Murder Mystery\",\"breadcrumb\":{\"@id\":\"https:\\\/\\\/www.seltskonnamangud.ee\\\/morvamusteerium\\\/#breadcrumb\"},\"inLanguage\":\"en-US\",\"potentialAction\":[{\"@type\":\"ReadAction\",\"target\":[\"https:\\\/\\\/www.seltskonnamangud.ee\\\/morvamusteerium\\\/\"]}]},{\"@type\":\"ImageObject\",\"inLanguage\":\"en-US\",\"@id\":\"https:\\\/\\\/www.seltskonnamangud.ee\\\/morvamusteerium\\\/#primaryimage\",\"url\":\"https:\\\/\\\/www.seltskonnamangud.ee\\\/wp-content\\\/uploads\\\/2019\\\/01\\\/G4S-pidu-5.jpg\",\"contentUrl\":\"https:\\\/\\\/www.seltskonnamangud.ee\\\/wp-content\\\/uploads\\\/2019\\\/01\\\/G4S-pidu-5.jpg\",\"width\":1024,\"height\":768},{\"@type\":\"BreadcrumbList\",\"@id\":\"https:\\\/\\\/www.seltskonnamangud.ee\\\/morvamusteerium\\\/#breadcrumb\",\"itemListElement\":[{\"@type\":\"ListItem\",\"position\":1,\"name\":\"Avaleht\",\"item\":\"https:\\\/\\\/www.seltskonnamangud.ee\\\/\"},{\"@type\":\"ListItem\",\"position\":2,\"name\":\"Party game Murder Mystery\"}]},{\"@type\":\"WebSite\",\"@id\":\"https:\\\/\\\/www.seltskonnamangud.ee\\\/#website\",\"url\":\"https:\\\/\\\/www.seltskonnamangud.ee\\\/\",\"name\":\"\u00d5htujuht, p\u00e4evajuht, DJ ja pulmaisa.\",\"description\":\"Pulmaisa, firmapeod ja tiimi\u00fcritused \u00fcle Eesti\",\"publisher\":{\"@id\":\"https:\\\/\\\/www.seltskonnamangud.ee\\\/#organization\"},\"potentialAction\":[{\"@type\":\"SearchAction\",\"target\":{\"@type\":\"EntryPoint\",\"urlTemplate\":\"https:\\\/\\\/www.seltskonnamangud.ee\\\/?s={search_term_string}\"},\"query-input\":{\"@type\":\"PropertyValueSpecification\",\"valueRequired\":true,\"valueName\":\"search_term_string\"}}],\"inLanguage\":\"en-US\"},{\"@type\":\"Organization\",\"@id\":\"https:\\\/\\\/www.seltskonnamangud.ee\\\/#organization\",\"name\":\"Gert Uuetoa peod\",\"url\":\"https:\\\/\\\/www.seltskonnamangud.ee\\\/\",\"logo\":{\"@type\":\"ImageObject\",\"inLanguage\":\"en-US\",\"@id\":\"https:\\\/\\\/www.seltskonnamangud.ee\\\/#\\\/schema\\\/logo\\\/image\\\/\",\"url\":\"https:\\\/\\\/www.seltskonnamangud.ee\\\/wp-content\\\/uploads\\\/2025\\\/03\\\/Seltskonna-logo-lilla.png\",\"contentUrl\":\"https:\\\/\\\/www.seltskonnamangud.ee\\\/wp-content\\\/uploads\\\/2025\\\/03\\\/Seltskonna-logo-lilla.png\",\"width\":588,\"height\":458,\"caption\":\"Gert Uuetoa peod\"},\"image\":{\"@id\":\"https:\\\/\\\/www.seltskonnamangud.ee\\\/#\\\/schema\\\/logo\\\/image\\\/\"},\"sameAs\":[\"https:\\\/\\\/www.facebook.com\\\/ohtujuht.gert.uuetoa\"]}]}<\/script>\n<!-- \/ Yoast SEO Premium plugin. -->","yoast_head_json":{"title":"Party game Murder Mystery","description":"Party game Murder Mystery","robots":{"index":"index","follow":"follow","max-snippet":"max-snippet:-1","max-image-preview":"max-image-preview:large","max-video-preview":"max-video-preview:-1"},"canonical":"https:\/\/www.seltskonnamangud.ee\/morvamusteerium\/","og_locale":"en_US","og_type":"article","og_title":"Party game Murder Mystery","og_description":"Party game Murder Mystery","og_url":"https:\/\/www.seltskonnamangud.ee\/morvamusteerium\/","og_site_name":"\u00d5htujuht ja Meeskonnam\u00e4ngud | Gert Uuetoa","article_publisher":"https:\/\/www.facebook.com\/ohtujuht.gert.uuetoa","article_modified_time":"2018-01-25T09:08:19+00:00","og_image":[{"width":1024,"height":768,"url":"https:\/\/www.seltskonnamangud.ee\/wp-content\/uploads\/2019\/01\/G4S-pidu-5.jpg","type":"image\/jpeg"}],"twitter_misc":{"Est. reading time":"1 minute"},"schema":{"@context":"https:\/\/schema.org","@graph":[{"@type":"WebPage","@id":"https:\/\/www.seltskonnamangud.ee\/morvamusteerium\/","url":"https:\/\/www.seltskonnamangud.ee\/morvamusteerium\/","name":"Party game Murder Mystery","isPartOf":{"@id":"https:\/\/www.seltskonnamangud.ee\/#website"},"primaryImageOfPage":{"@id":"https:\/\/www.seltskonnamangud.ee\/morvamusteerium\/#primaryimage"},"image":{"@id":"https:\/\/www.seltskonnamangud.ee\/morvamusteerium\/#primaryimage"},"thumbnailUrl":"https:\/\/www.seltskonnamangud.ee\/wp-content\/uploads\/2019\/01\/G4S-pidu-5.jpg","datePublished":"2017-09-12T11:58:49+00:00","dateModified":"2018-01-25T09:08:19+00:00","description":"Party game Murder Mystery","breadcrumb":{"@id":"https:\/\/www.seltskonnamangud.ee\/morvamusteerium\/#breadcrumb"},"inLanguage":"en-US","potentialAction":[{"@type":"ReadAction","target":["https:\/\/www.seltskonnamangud.ee\/morvamusteerium\/"]}]},{"@type":"ImageObject","inLanguage":"en-US","@id":"https:\/\/www.seltskonnamangud.ee\/morvamusteerium\/#primaryimage","url":"https:\/\/www.seltskonnamangud.ee\/wp-content\/uploads\/2019\/01\/G4S-pidu-5.jpg","contentUrl":"https:\/\/www.seltskonnamangud.ee\/wp-content\/uploads\/2019\/01\/G4S-pidu-5.jpg","width":1024,"height":768},{"@type":"BreadcrumbList","@id":"https:\/\/www.seltskonnamangud.ee\/morvamusteerium\/#breadcrumb","itemListElement":[{"@type":"ListItem","position":1,"name":"Avaleht","item":"https:\/\/www.seltskonnamangud.ee\/"},{"@type":"ListItem","position":2,"name":"Party game Murder Mystery"}]},{"@type":"WebSite","@id":"https:\/\/www.seltskonnamangud.ee\/#website","url":"https:\/\/www.seltskonnamangud.ee\/","name":"\u00d5htujuht, p\u00e4evajuht, DJ ja pulmaisa.","description":"Pulmaisa, firmapeod ja tiimi\u00fcritused \u00fcle Eesti","publisher":{"@id":"https:\/\/www.seltskonnamangud.ee\/#organization"},"potentialAction":[{"@type":"SearchAction","target":{"@type":"EntryPoint","urlTemplate":"https:\/\/www.seltskonnamangud.ee\/?s={search_term_string}"},"query-input":{"@type":"PropertyValueSpecification","valueRequired":true,"valueName":"search_term_string"}}],"inLanguage":"en-US"},{"@type":"Organization","@id":"https:\/\/www.seltskonnamangud.ee\/#organization","name":"Gert Uuetoa peod","url":"https:\/\/www.seltskonnamangud.ee\/","logo":{"@type":"ImageObject","inLanguage":"en-US","@id":"https:\/\/www.seltskonnamangud.ee\/#\/schema\/logo\/image\/","url":"https:\/\/www.seltskonnamangud.ee\/wp-content\/uploads\/2025\/03\/Seltskonna-logo-lilla.png","contentUrl":"https:\/\/www.seltskonnamangud.ee\/wp-content\/uploads\/2025\/03\/Seltskonna-logo-lilla.png","width":588,"height":458,"caption":"Gert Uuetoa peod"},"image":{"@id":"https:\/\/www.seltskonnamangud.ee\/#\/schema\/logo\/image\/"},"sameAs":["https:\/\/www.facebook.com\/ohtujuht.gert.uuetoa"]}]}},"_links":{"self":[{"href":"https:\/\/www.seltskonnamangud.ee\/en\/wp-json\/wp\/v2\/pages\/4408","targetHints":{"allow":["GET"]}}],"collection":[{"href":"https:\/\/www.seltskonnamangud.ee\/en\/wp-json\/wp\/v2\/pages"}],"about":[{"href":"https:\/\/www.seltskonnamangud.ee\/en\/wp-json\/wp\/v2\/types\/page"}],"author":[{"embeddable":true,"href":"https:\/\/www.seltskonnamangud.ee\/en\/wp-json\/wp\/v2\/users\/6"}],"replies":[{"embeddable":true,"href":"https:\/\/www.seltskonnamangud.ee\/en\/wp-json\/wp\/v2\/comments?post=4408"}],"version-history":[{"count":2,"href":"https:\/\/www.seltskonnamangud.ee\/en\/wp-json\/wp\/v2\/pages\/4408\/revisions"}],"predecessor-version":[{"id":4579,"href":"https:\/\/www.seltskonnamangud.ee\/en\/wp-json\/wp\/v2\/pages\/4408\/revisions\/4579"}],"wp:featuredmedia":[{"embeddable":true,"href":"https:\/\/www.seltskonnamangud.ee\/en\/wp-json\/wp\/v2\/media\/6252"}],"wp:attachment":[{"href":"https:\/\/www.seltskonnamangud.ee\/en\/wp-json\/wp\/v2\/media?parent=4408"}],"curies":[{"name":"wp","href":"https:\/\/api.w.org\/{rel}","templated":true}]}}