{"id":4541,"date":"2017-10-20T10:34:21","date_gmt":"2017-10-20T08:34:21","guid":{"rendered":"https:\/\/www.seltskonnamangud.ee\/dream-team-teambuilding-game\/"},"modified":"2018-01-25T11:10:33","modified_gmt":"2018-01-25T09:10:33","slug":"dream-team-teambuilding-game","status":"publish","type":"page","link":"https:\/\/www.seltskonnamangud.ee\/en\/dream-team-teambuilding-game\/","title":{"rendered":"Dream Team &#8211; Teambuilding game"},"content":{"rendered":"<h1><span style=\"color: #d40856;\">Dream Team &#8211; Teambuilding game<a href=\"https:\/\/www.seltskonnamangud.ee\/wp-content\/uploads\/2016\/09\/\u00d5htujuht-Gert-Uuetoa-1.jpg\"><img fetchpriority=\"high\" decoding=\"async\" class=\"alignright wp-image-4454 size-thumbnail\" src=\"https:\/\/www.seltskonnamangud.ee\/wp-content\/uploads\/2016\/09\/\u00d5htujuht-Gert-Uuetoa-1-250x250.jpg\" alt=\"Dream Team - team building game\" width=\"250\" height=\"250\" srcset=\"https:\/\/www.seltskonnamangud.ee\/wp-content\/uploads\/2016\/09\/\u00d5htujuht-Gert-Uuetoa-1-250x250.jpg 250w, https:\/\/www.seltskonnamangud.ee\/wp-content\/uploads\/2016\/09\/\u00d5htujuht-Gert-Uuetoa-1-85x85.jpg 85w, https:\/\/www.seltskonnamangud.ee\/wp-content\/uploads\/2016\/09\/\u00d5htujuht-Gert-Uuetoa-1-80x80.jpg 80w\" sizes=\"(max-width: 250px) 100vw, 250px\" \/><\/a><\/span><\/h1>\n<p>It is a fun game for developing team work where the entire team must act and think quickly in order to beat others.<\/p>\n<p>In Dream Team we divide people to different teams and it is a real quick icebreaker for the evening as well.<\/p>\n<p>There are different kind of tasks that needs to be solved and the aim is to collect points. If needed we can put some questions to the game that are related to your company\/group.<\/p>\n<p>There is also a many challenges that each team has to decide to they want to risk or not to take the challenge.<\/p>\n<h3>Prices of the game:<\/h3>\n<p>520\u00a0\u20ac for 20 participants. Each aditional participant 15 \u20ac.<\/p>\n<p>40 \u2013 50 participants 790\u00a0\u20ac<\/p>\n<p>51\u00a0\u2013 70 participants 990\u00a0\u20ac<\/p>\n<p>71\u00a0\u2013 100 participants 1090\u00a0\u20ac<\/p>\n<p>101 \u2013 130 participants 1 290\u00a0\u20ac<\/p>\n<p>Our contacts:<\/p>\n<p>Vaba Aja Ekspert ltd\u00a0\/\u00a0<a href=\"mailto:info@seltskonnamangud.ee\">info@seltskonnamangud.ee<\/a>\u00a0\/ + 372 56 222\u00a0951<\/p>\n","protected":false},"excerpt":{"rendered":"<p>Dream Team &#8211; Teambuilding game It is a fun game for developing team work where the entire team must act and think quickly in order to beat others. In Dream Team we divide people to different teams and it is a real quick icebreaker for the evening as well. There are different kind of tasks [&hellip;]<\/p>\n","protected":false},"author":6,"featured_media":7715,"parent":0,"menu_order":2,"comment_status":"closed","ping_status":"closed","template":"","meta":{"footnotes":""},"class_list":["post-4541","page","type-page","status-publish","has-post-thumbnail","hentry"],"yoast_head":"<!-- This site is optimized with the Yoast SEO Premium plugin v26.5 (Yoast SEO v27.4) - https:\/\/yoast.com\/product\/yoast-seo-premium-wordpress\/ -->\n<title>Dream Team - Teambuilding game<\/title>\n<meta name=\"description\" content=\"It is a fun game for developing team work where the entire team must act and think quickly in order to beat others.\" \/>\n<meta name=\"robots\" content=\"index, follow, max-snippet:-1, max-image-preview:large, max-video-preview:-1\" \/>\n<link rel=\"canonical\" href=\"https:\/\/www.seltskonnamangud.ee\/unistuste-meeskond\/\" \/>\n<meta property=\"og:locale\" content=\"en_US\" \/>\n<meta property=\"og:type\" content=\"article\" \/>\n<meta property=\"og:title\" content=\"Dream Team - Teambuilding game\" \/>\n<meta property=\"og:description\" content=\"It is a fun game for developing team work where the entire team must act and think quickly in order to beat others.\" \/>\n<meta property=\"og:url\" content=\"https:\/\/www.seltskonnamangud.ee\/unistuste-meeskond\/\" \/>\n<meta property=\"og:site_name\" content=\"\u00d5htujuht ja Meeskonnam\u00e4ngud | Gert Uuetoa\" \/>\n<meta property=\"article:publisher\" content=\"https:\/\/www.facebook.com\/ohtujuht.gert.uuetoa\" \/>\n<meta property=\"article:modified_time\" content=\"2018-01-25T09:10:33+00:00\" \/>\n<meta property=\"og:image\" content=\"https:\/\/www.seltskonnamangud.ee\/wp-content\/uploads\/2025\/04\/fill-image3.jpg\" \/>\n\t<meta property=\"og:image:width\" content=\"800\" \/>\n\t<meta property=\"og:image:height\" content=\"1002\" \/>\n\t<meta property=\"og:image:type\" content=\"image\/jpeg\" \/>\n<meta name=\"twitter:label1\" content=\"Est. reading time\" \/>\n\t<meta name=\"twitter:data1\" content=\"1 minute\" \/>\n<script type=\"application\/ld+json\" class=\"yoast-schema-graph\">{\"@context\":\"https:\\\/\\\/schema.org\",\"@graph\":[{\"@type\":\"WebPage\",\"@id\":\"https:\\\/\\\/www.seltskonnamangud.ee\\\/unistuste-meeskond\\\/\",\"url\":\"https:\\\/\\\/www.seltskonnamangud.ee\\\/unistuste-meeskond\\\/\",\"name\":\"Dream Team - Teambuilding game\",\"isPartOf\":{\"@id\":\"https:\\\/\\\/www.seltskonnamangud.ee\\\/#website\"},\"primaryImageOfPage\":{\"@id\":\"https:\\\/\\\/www.seltskonnamangud.ee\\\/unistuste-meeskond\\\/#primaryimage\"},\"image\":{\"@id\":\"https:\\\/\\\/www.seltskonnamangud.ee\\\/unistuste-meeskond\\\/#primaryimage\"},\"thumbnailUrl\":\"https:\\\/\\\/www.seltskonnamangud.ee\\\/wp-content\\\/uploads\\\/2025\\\/04\\\/fill-image3.jpg\",\"datePublished\":\"2017-10-20T08:34:21+00:00\",\"dateModified\":\"2018-01-25T09:10:33+00:00\",\"description\":\"It is a fun game for developing team work where the entire team must act and think quickly in order to beat others.\",\"breadcrumb\":{\"@id\":\"https:\\\/\\\/www.seltskonnamangud.ee\\\/unistuste-meeskond\\\/#breadcrumb\"},\"inLanguage\":\"en-US\",\"potentialAction\":[{\"@type\":\"ReadAction\",\"target\":[\"https:\\\/\\\/www.seltskonnamangud.ee\\\/unistuste-meeskond\\\/\"]}]},{\"@type\":\"ImageObject\",\"inLanguage\":\"en-US\",\"@id\":\"https:\\\/\\\/www.seltskonnamangud.ee\\\/unistuste-meeskond\\\/#primaryimage\",\"url\":\"https:\\\/\\\/www.seltskonnamangud.ee\\\/wp-content\\\/uploads\\\/2025\\\/04\\\/fill-image3.jpg\",\"contentUrl\":\"https:\\\/\\\/www.seltskonnamangud.ee\\\/wp-content\\\/uploads\\\/2025\\\/04\\\/fill-image3.jpg\",\"width\":800,\"height\":1002},{\"@type\":\"BreadcrumbList\",\"@id\":\"https:\\\/\\\/www.seltskonnamangud.ee\\\/unistuste-meeskond\\\/#breadcrumb\",\"itemListElement\":[{\"@type\":\"ListItem\",\"position\":1,\"name\":\"Avaleht\",\"item\":\"https:\\\/\\\/www.seltskonnamangud.ee\\\/\"},{\"@type\":\"ListItem\",\"position\":2,\"name\":\"Dream Team &#8211; Teambuilding game\"}]},{\"@type\":\"WebSite\",\"@id\":\"https:\\\/\\\/www.seltskonnamangud.ee\\\/#website\",\"url\":\"https:\\\/\\\/www.seltskonnamangud.ee\\\/\",\"name\":\"\u00d5htujuht, p\u00e4evajuht, DJ ja pulmaisa.\",\"description\":\"Pulmaisa, firmapeod ja tiimi\u00fcritused \u00fcle Eesti\",\"publisher\":{\"@id\":\"https:\\\/\\\/www.seltskonnamangud.ee\\\/#organization\"},\"potentialAction\":[{\"@type\":\"SearchAction\",\"target\":{\"@type\":\"EntryPoint\",\"urlTemplate\":\"https:\\\/\\\/www.seltskonnamangud.ee\\\/?s={search_term_string}\"},\"query-input\":{\"@type\":\"PropertyValueSpecification\",\"valueRequired\":true,\"valueName\":\"search_term_string\"}}],\"inLanguage\":\"en-US\"},{\"@type\":\"Organization\",\"@id\":\"https:\\\/\\\/www.seltskonnamangud.ee\\\/#organization\",\"name\":\"Gert Uuetoa peod\",\"url\":\"https:\\\/\\\/www.seltskonnamangud.ee\\\/\",\"logo\":{\"@type\":\"ImageObject\",\"inLanguage\":\"en-US\",\"@id\":\"https:\\\/\\\/www.seltskonnamangud.ee\\\/#\\\/schema\\\/logo\\\/image\\\/\",\"url\":\"https:\\\/\\\/www.seltskonnamangud.ee\\\/wp-content\\\/uploads\\\/2025\\\/03\\\/Seltskonna-logo-lilla.png\",\"contentUrl\":\"https:\\\/\\\/www.seltskonnamangud.ee\\\/wp-content\\\/uploads\\\/2025\\\/03\\\/Seltskonna-logo-lilla.png\",\"width\":588,\"height\":458,\"caption\":\"Gert Uuetoa peod\"},\"image\":{\"@id\":\"https:\\\/\\\/www.seltskonnamangud.ee\\\/#\\\/schema\\\/logo\\\/image\\\/\"},\"sameAs\":[\"https:\\\/\\\/www.facebook.com\\\/ohtujuht.gert.uuetoa\"]}]}<\/script>\n<!-- \/ Yoast SEO Premium plugin. -->","yoast_head_json":{"title":"Dream Team - Teambuilding game","description":"It is a fun game for developing team work where the entire team must act and think quickly in order to beat others.","robots":{"index":"index","follow":"follow","max-snippet":"max-snippet:-1","max-image-preview":"max-image-preview:large","max-video-preview":"max-video-preview:-1"},"canonical":"https:\/\/www.seltskonnamangud.ee\/unistuste-meeskond\/","og_locale":"en_US","og_type":"article","og_title":"Dream Team - Teambuilding game","og_description":"It is a fun game for developing team work where the entire team must act and think quickly in order to beat others.","og_url":"https:\/\/www.seltskonnamangud.ee\/unistuste-meeskond\/","og_site_name":"\u00d5htujuht ja Meeskonnam\u00e4ngud | Gert Uuetoa","article_publisher":"https:\/\/www.facebook.com\/ohtujuht.gert.uuetoa","article_modified_time":"2018-01-25T09:10:33+00:00","og_image":[{"width":800,"height":1002,"url":"https:\/\/www.seltskonnamangud.ee\/wp-content\/uploads\/2025\/04\/fill-image3.jpg","type":"image\/jpeg"}],"twitter_misc":{"Est. reading time":"1 minute"},"schema":{"@context":"https:\/\/schema.org","@graph":[{"@type":"WebPage","@id":"https:\/\/www.seltskonnamangud.ee\/unistuste-meeskond\/","url":"https:\/\/www.seltskonnamangud.ee\/unistuste-meeskond\/","name":"Dream Team - Teambuilding game","isPartOf":{"@id":"https:\/\/www.seltskonnamangud.ee\/#website"},"primaryImageOfPage":{"@id":"https:\/\/www.seltskonnamangud.ee\/unistuste-meeskond\/#primaryimage"},"image":{"@id":"https:\/\/www.seltskonnamangud.ee\/unistuste-meeskond\/#primaryimage"},"thumbnailUrl":"https:\/\/www.seltskonnamangud.ee\/wp-content\/uploads\/2025\/04\/fill-image3.jpg","datePublished":"2017-10-20T08:34:21+00:00","dateModified":"2018-01-25T09:10:33+00:00","description":"It is a fun game for developing team work where the entire team must act and think quickly in order to beat others.","breadcrumb":{"@id":"https:\/\/www.seltskonnamangud.ee\/unistuste-meeskond\/#breadcrumb"},"inLanguage":"en-US","potentialAction":[{"@type":"ReadAction","target":["https:\/\/www.seltskonnamangud.ee\/unistuste-meeskond\/"]}]},{"@type":"ImageObject","inLanguage":"en-US","@id":"https:\/\/www.seltskonnamangud.ee\/unistuste-meeskond\/#primaryimage","url":"https:\/\/www.seltskonnamangud.ee\/wp-content\/uploads\/2025\/04\/fill-image3.jpg","contentUrl":"https:\/\/www.seltskonnamangud.ee\/wp-content\/uploads\/2025\/04\/fill-image3.jpg","width":800,"height":1002},{"@type":"BreadcrumbList","@id":"https:\/\/www.seltskonnamangud.ee\/unistuste-meeskond\/#breadcrumb","itemListElement":[{"@type":"ListItem","position":1,"name":"Avaleht","item":"https:\/\/www.seltskonnamangud.ee\/"},{"@type":"ListItem","position":2,"name":"Dream Team &#8211; Teambuilding game"}]},{"@type":"WebSite","@id":"https:\/\/www.seltskonnamangud.ee\/#website","url":"https:\/\/www.seltskonnamangud.ee\/","name":"\u00d5htujuht, p\u00e4evajuht, DJ ja pulmaisa.","description":"Pulmaisa, firmapeod ja tiimi\u00fcritused \u00fcle Eesti","publisher":{"@id":"https:\/\/www.seltskonnamangud.ee\/#organization"},"potentialAction":[{"@type":"SearchAction","target":{"@type":"EntryPoint","urlTemplate":"https:\/\/www.seltskonnamangud.ee\/?s={search_term_string}"},"query-input":{"@type":"PropertyValueSpecification","valueRequired":true,"valueName":"search_term_string"}}],"inLanguage":"en-US"},{"@type":"Organization","@id":"https:\/\/www.seltskonnamangud.ee\/#organization","name":"Gert Uuetoa peod","url":"https:\/\/www.seltskonnamangud.ee\/","logo":{"@type":"ImageObject","inLanguage":"en-US","@id":"https:\/\/www.seltskonnamangud.ee\/#\/schema\/logo\/image\/","url":"https:\/\/www.seltskonnamangud.ee\/wp-content\/uploads\/2025\/03\/Seltskonna-logo-lilla.png","contentUrl":"https:\/\/www.seltskonnamangud.ee\/wp-content\/uploads\/2025\/03\/Seltskonna-logo-lilla.png","width":588,"height":458,"caption":"Gert Uuetoa peod"},"image":{"@id":"https:\/\/www.seltskonnamangud.ee\/#\/schema\/logo\/image\/"},"sameAs":["https:\/\/www.facebook.com\/ohtujuht.gert.uuetoa"]}]}},"_links":{"self":[{"href":"https:\/\/www.seltskonnamangud.ee\/en\/wp-json\/wp\/v2\/pages\/4541","targetHints":{"allow":["GET"]}}],"collection":[{"href":"https:\/\/www.seltskonnamangud.ee\/en\/wp-json\/wp\/v2\/pages"}],"about":[{"href":"https:\/\/www.seltskonnamangud.ee\/en\/wp-json\/wp\/v2\/types\/page"}],"author":[{"embeddable":true,"href":"https:\/\/www.seltskonnamangud.ee\/en\/wp-json\/wp\/v2\/users\/6"}],"replies":[{"embeddable":true,"href":"https:\/\/www.seltskonnamangud.ee\/en\/wp-json\/wp\/v2\/comments?post=4541"}],"version-history":[{"count":1,"href":"https:\/\/www.seltskonnamangud.ee\/en\/wp-json\/wp\/v2\/pages\/4541\/revisions"}],"predecessor-version":[{"id":4582,"href":"https:\/\/www.seltskonnamangud.ee\/en\/wp-json\/wp\/v2\/pages\/4541\/revisions\/4582"}],"wp:featuredmedia":[{"embeddable":true,"href":"https:\/\/www.seltskonnamangud.ee\/en\/wp-json\/wp\/v2\/media\/7715"}],"wp:attachment":[{"href":"https:\/\/www.seltskonnamangud.ee\/en\/wp-json\/wp\/v2\/media?parent=4541"}],"curies":[{"name":"wp","href":"https:\/\/api.w.org\/{rel}","templated":true}]}}