{"id":4400,"date":"2017-09-12T11:14:15","date_gmt":"2017-09-12T09:14:15","guid":{"rendered":"https:\/\/www.seltskonnamangud.ee\/%d0%ba%d0%be%d0%bc%d0%b0%d0%bd%d0%b4%d0%bd%d0%b0%d1%8f-%d0%b8%d0%b3%d1%80%d0%b0-%d0%bc%d0%b8%d1%81%d1%82%d0%b5%d1%80%d0%b8%d1%8f-%d1%83%d0%b1%d0%b8%d0%b9%d1%81%d1%82%d0%b2\/"},"modified":"2018-01-25T11:07:40","modified_gmt":"2018-01-25T09:07:40","slug":"%d0%ba%d0%be%d0%bc%d0%b0%d0%bd%d0%b4%d0%bd%d0%b0%d1%8f-%d0%b8%d0%b3%d1%80%d0%b0-%d0%bc%d0%b8%d1%81%d1%82%d0%b5%d1%80%d0%b8%d1%8f-%d1%83%d0%b1%d0%b8%d0%b9%d1%81%d1%82%d0%b2","status":"publish","type":"page","link":"https:\/\/www.seltskonnamangud.ee\/ru\/%d0%ba%d0%be%d0%bc%d0%b0%d0%bd%d0%b4%d0%bd%d0%b0%d1%8f-%d0%b8%d0%b3%d1%80%d0%b0-%d0%bc%d0%b8%d1%81%d1%82%d0%b5%d1%80%d0%b8%d1%8f-%d1%83%d0%b1%d0%b8%d0%b9%d1%81%d1%82%d0%b2\/","title":{"rendered":"\u041a\u043e\u043c\u0430\u043d\u0434\u043d\u0430\u044f \u0438\u0433\u0440\u0430 &#171;\u041c\u0438\u0441\u0442\u0435\u0440\u0438\u044f \u0443\u0431\u0438\u0439\u0441\u0442\u0432&#187;"},"content":{"rendered":"<p>\u041c\u0438\u0441\u0442\u0435\u0440\u0438\u044f \u0443\u0431\u0438\u0439\u0441\u0442\u0432 \u2013 \u044d\u0442\u043e \u0432\u0435\u0441\u0435\u043b\u0430\u044f \u0438 \u0438\u043d\u0442\u0440\u0438\u0433\u0443\u044e\u0449\u0430\u044f \u043a\u043e\u043c\u0430\u043d\u0434\u043d\u0430\u044f \u0438\u0433\u0440\u0430, \u043a\u043e\u0442\u043e\u0440\u0430\u044f \u0437\u0430\u043c\u0435\u0447\u0430\u0442\u0435\u043b\u044c\u043d\u043e \u043f\u043e\u0434\u0445\u043e\u0434\u0438\u0442 \u0434\u043b\u044f \u0432\u0435\u0447\u0435\u0440\u043d\u0435\u0433\u043e <img decoding=\"async\" src=\"m\u00f5rvam\u00fcsteerium\" alt=\"\" \/>\u0432\u0440\u0435\u043c\u044f\u043f\u0440\u0435\u043f\u0440\u043e\u0432\u043e\u0436\u0434\u0435\u043d\u0438\u044f \u043d\u0430 \u0444\u0438\u0440\u043c\u0435\u043d\u043d\u044b\u0445 \u043c\u0435\u0440\u043e\u043f\u0440\u0438\u044f\u0442\u0438\u044f\u0445 \u0438 \u0441\u0442\u0438\u043b\u044c\u043d\u044b\u0445 \u043f\u0440\u0430\u0437\u0434\u043d\u0438\u043a\u0430\u0445. \u0420\u0435\u0447\u044c \u0438\u0434\u0435\u0442 \u043e \u0440\u043e\u043b\u0435\u0432\u043e\u0439 \u0438\u0433\u0440\u0435, \u0432 \u043a\u043e\u0442\u043e\u0440\u043e\u0439 \u043a\u0430\u0436\u0434\u043e\u043c\u0443 \u0443\u0447\u0430\u0441\u0442\u043d\u0438\u043a\u0443 \u043f\u043e\u0440\u0443\u0447\u0430\u0435\u0442\u0441\u044f \u0432\u044b\u043f\u043e\u043b\u043d\u0438\u0442\u044c \u0437\u0430\u0434\u0430\u0447\u0443, \u043f\u0440\u043e\u044f\u0432\u0438\u0432 \u043f\u0440\u0438 \u044d\u0442\u043e\u043c \u043c\u0443\u0436\u0435\u0441\u0442\u0432\u043e \u0438 \u0443\u0434\u0430\u0447\u043b\u0438\u0432\u043e\u0441\u0442\u044c.<br \/>\n\u0412 \u0438\u0433\u0440\u0435 \u043f\u0440\u0438\u0434\u0435\u0442\u0441\u044f \u043f\u0435\u0440\u0435\u0432\u043e\u043f\u043b\u043e\u0442\u0438\u0442\u044c\u0441\u044f, \u043d\u0430\u043f\u0440\u0438\u043c\u0435\u0440, \u0432 VIP-\u0433\u043e\u0441\u0442\u044f \u043d\u0430 \u043f\u0440\u0430\u0437\u0434\u043d\u0438\u043a\u0435, \u0434\u0435\u0442\u0435\u043a\u0442\u0438\u0432\u0430, \u0440\u0435\u043f\u043e\u0440\u0442\u0435\u0440\u0430 \u0442\u0430\u0431\u043b\u043e\u0438\u0434\u0430 \u0438\u043b\u0438 PR-\u043f\u0440\u0435\u0434\u0441\u0442\u0430\u0432\u0438\u0442\u0435\u043b\u044f \u043a\u0430\u043d\u0434\u0438\u0434\u0430\u0442\u0430 \u0432 \u043c\u044d\u0440\u044b \u0433\u043e\u0440\u043e\u0434\u0430. \u0413\u043b\u0430\u0432\u043d\u043e\u0439 \u0442\u0435\u043c\u043e\u0439 \u043f\u0440\u0430\u0437\u0434\u043d\u0438\u043a\u0430 \u044f\u0432\u043b\u044f\u0435\u0442\u0441\u044f \u0430\u0443\u043a\u0446\u0438\u043e\u043d \u0446\u0435\u043d\u043d\u043e\u0433\u043e \u0430\u043b\u043c\u0430\u0437\u0430.<\/p>\n<p><a href=\"https:\/\/www.seltskonnamangud.ee\/wp-content\/uploads\/2017\/02\/Maskipidu-3.jpg\"><img fetchpriority=\"high\" decoding=\"async\" class=\"size-thumbnail wp-image-3899 alignright\" src=\"https:\/\/www.seltskonnamangud.ee\/wp-content\/uploads\/2017\/02\/Maskipidu-3-250x250.jpg\" alt=\"\" width=\"250\" height=\"250\" srcset=\"https:\/\/www.seltskonnamangud.ee\/wp-content\/uploads\/2017\/02\/Maskipidu-3-250x250.jpg 250w, https:\/\/www.seltskonnamangud.ee\/wp-content\/uploads\/2017\/02\/Maskipidu-3-85x85.jpg 85w, https:\/\/www.seltskonnamangud.ee\/wp-content\/uploads\/2017\/02\/Maskipidu-3-80x80.jpg 80w\" sizes=\"(max-width: 250px) 100vw, 250px\" \/><\/a>\u041e\u0440\u0433\u0430\u043d\u0438\u0437\u0443\u0435\u043c \u0438\u0433\u0440\u0443 \u043f\u043e \u0432\u0441\u0435\u0439 \u042d\u0441\u0442\u043e\u043d\u0438\u0438 \u0432 \u0443\u0434\u043e\u0431\u043d\u043e\u043c \u0434\u043b\u044f \u0412\u0430\u0441 \u043c\u0435\u0441\u0442\u0435, \u043d\u0430\u043f\u0440\u0438\u043c\u0435\u0440, \u0432 \u0440\u0435\u0441\u0442\u043e\u0440\u0430\u043d\u0435, \u0442\u0443\u0440\u0438\u0441\u0442\u0438\u0447\u0435\u0441\u043a\u043e\u043c \u0445\u0443\u0442\u043e\u0440\u0435, \u0437\u0430\u043c\u043a\u0435 \u0438\u043b\u0438 \u0434\u0430\u0436\u0435 \u0443 \u0412\u0430\u0441 \u0434\u043e\u043c\u0430.<\/p>\n<p>\u041c\u0438\u043d\u0438\u043c\u0430\u043b\u044c\u043d\u0430\u044f \u0432\u0435\u043b\u0438\u0447\u0438\u043d\u0430 \u0433\u0440\u0443\u043f\u043f\u044b \u2013 15 \u0447\u0435\u043b\u043e\u0432\u0435\u043a, \u0434\u043b\u044f \u0431\u00f3\u043b\u044c\u0448\u0438\u0445 \u043a\u043e\u043c\u043f\u0430\u043d\u0438\u0439 \u043f\u0440\u0435\u0434\u0443\u0441\u043c\u043e\u0442\u0440\u0435\u043d\u044b \u0441\u043a\u0438\u0434\u043a\u0438.<\/p>\n<p>\u041f\u0440\u043e\u0434\u043e\u043b\u0436\u0438\u0442\u0435\u043b\u044c\u043d\u043e\u0441\u0442\u044c \u0438\u0433\u0440\u044b 2,5 \u2013 4 \u0447\u0430\u0441\u0430.<\/p>\n<p>Vaba Aja Ekspert O\u00dc \/ <a href=\"mailto:info@seltskonnamangud.ee\">info@seltskonnamangud.ee<\/a> \/ + 372 56 222 795<\/p>\n","protected":false},"excerpt":{"rendered":"<p>\u041c\u0438\u0441\u0442\u0435\u0440\u0438\u044f \u0443\u0431\u0438\u0439\u0441\u0442\u0432 \u2013 \u044d\u0442\u043e \u0432\u0435\u0441\u0435\u043b\u0430\u044f \u0438 \u0438\u043d\u0442\u0440\u0438\u0433\u0443\u044e\u0449\u0430\u044f \u043a\u043e\u043c\u0430\u043d\u0434\u043d\u0430\u044f \u0438\u0433\u0440\u0430, \u043a\u043e\u0442\u043e\u0440\u0430\u044f \u0437\u0430\u043c\u0435\u0447\u0430\u0442\u0435\u043b\u044c\u043d\u043e \u043f\u043e\u0434\u0445\u043e\u0434\u0438\u0442 \u0434\u043b\u044f \u0432\u0435\u0447\u0435\u0440\u043d\u0435\u0433\u043e \u0432\u0440\u0435\u043c\u044f\u043f\u0440\u0435\u043f\u0440\u043e\u0432\u043e\u0436\u0434\u0435\u043d\u0438\u044f \u043d\u0430 \u0444\u0438\u0440\u043c\u0435\u043d\u043d\u044b\u0445 \u043c\u0435\u0440\u043e\u043f\u0440\u0438\u044f\u0442\u0438\u044f\u0445 \u0438 \u0441\u0442\u0438\u043b\u044c\u043d\u044b\u0445 \u043f\u0440\u0430\u0437\u0434\u043d\u0438\u043a\u0430\u0445. \u0420\u0435\u0447\u044c \u0438\u0434\u0435\u0442 \u043e \u0440\u043e\u043b\u0435\u0432\u043e\u0439 \u0438\u0433\u0440\u0435, \u0432 \u043a\u043e\u0442\u043e\u0440\u043e\u0439 \u043a\u0430\u0436\u0434\u043e\u043c\u0443 \u0443\u0447\u0430\u0441\u0442\u043d\u0438\u043a\u0443 \u043f\u043e\u0440\u0443\u0447\u0430\u0435\u0442\u0441\u044f \u0432\u044b\u043f\u043e\u043b\u043d\u0438\u0442\u044c \u0437\u0430\u0434\u0430\u0447\u0443, \u043f\u0440\u043e\u044f\u0432\u0438\u0432 \u043f\u0440\u0438 \u044d\u0442\u043e\u043c \u043c\u0443\u0436\u0435\u0441\u0442\u0432\u043e \u0438 \u0443\u0434\u0430\u0447\u043b\u0438\u0432\u043e\u0441\u0442\u044c. \u0412 \u0438\u0433\u0440\u0435 \u043f\u0440\u0438\u0434\u0435\u0442\u0441\u044f \u043f\u0435\u0440\u0435\u0432\u043e\u043f\u043b\u043e\u0442\u0438\u0442\u044c\u0441\u044f, \u043d\u0430\u043f\u0440\u0438\u043c\u0435\u0440, \u0432 VIP-\u0433\u043e\u0441\u0442\u044f \u043d\u0430 \u043f\u0440\u0430\u0437\u0434\u043d\u0438\u043a\u0435, \u0434\u0435\u0442\u0435\u043a\u0442\u0438\u0432\u0430, \u0440\u0435\u043f\u043e\u0440\u0442\u0435\u0440\u0430 \u0442\u0430\u0431\u043b\u043e\u0438\u0434\u0430 \u0438\u043b\u0438 PR-\u043f\u0440\u0435\u0434\u0441\u0442\u0430\u0432\u0438\u0442\u0435\u043b\u044f \u043a\u0430\u043d\u0434\u0438\u0434\u0430\u0442\u0430 \u0432 [&hellip;]<\/p>\n","protected":false},"author":6,"featured_media":6253,"parent":0,"menu_order":1,"comment_status":"closed","ping_status":"closed","template":"","meta":{"footnotes":""},"class_list":["post-4400","page","type-page","status-publish","has-post-thumbnail","hentry"],"yoast_head":"<!-- This site is optimized with the Yoast SEO Premium plugin v26.5 (Yoast SEO v27.4) - https:\/\/yoast.com\/product\/yoast-seo-premium-wordpress\/ -->\n<title>\u041a\u043e\u043c\u0430\u043d\u0434\u043d\u0430\u044f \u0438\u0433\u0440\u0430 &quot;\u041c\u0438\u0441\u0442\u0435\u0440\u0438\u044f \u0443\u0431\u0438\u0439\u0441\u0442\u0432&quot;<\/title>\n<meta name=\"description\" content=\"\u041a\u043e\u043c\u0430\u043d\u0434\u043d\u0430\u044f \u0438\u0433\u0440\u0430 &quot;\u041c\u0438\u0441\u0442\u0435\u0440\u0438\u044f \u0443\u0431\u0438\u0439\u0441\u0442\u0432&quot;\" \/>\n<meta name=\"robots\" content=\"index, follow, max-snippet:-1, max-image-preview:large, max-video-preview:-1\" \/>\n<link rel=\"canonical\" href=\"https:\/\/www.seltskonnamangud.ee\/morvamusteerium\/\" \/>\n<meta property=\"og:locale\" content=\"ru_RU\" \/>\n<meta property=\"og:type\" content=\"article\" \/>\n<meta property=\"og:title\" content=\"\u041a\u043e\u043c\u0430\u043d\u0434\u043d\u0430\u044f \u0438\u0433\u0440\u0430 &quot;\u041c\u0438\u0441\u0442\u0435\u0440\u0438\u044f \u0443\u0431\u0438\u0439\u0441\u0442\u0432&quot;\" \/>\n<meta property=\"og:description\" content=\"\u041a\u043e\u043c\u0430\u043d\u0434\u043d\u0430\u044f \u0438\u0433\u0440\u0430 &quot;\u041c\u0438\u0441\u0442\u0435\u0440\u0438\u044f \u0443\u0431\u0438\u0439\u0441\u0442\u0432&quot;\" \/>\n<meta property=\"og:url\" content=\"https:\/\/www.seltskonnamangud.ee\/morvamusteerium\/\" \/>\n<meta property=\"og:site_name\" content=\"\u00d5htujuht ja Meeskonnam\u00e4ngud | Gert Uuetoa\" \/>\n<meta property=\"article:publisher\" content=\"https:\/\/www.facebook.com\/ohtujuht.gert.uuetoa\" \/>\n<meta property=\"article:modified_time\" content=\"2018-01-25T09:07:40+00:00\" \/>\n<meta property=\"og:image\" content=\"https:\/\/www.seltskonnamangud.ee\/wp-content\/uploads\/2019\/01\/G4S-pidu-5.jpg\" \/>\n\t<meta property=\"og:image:width\" content=\"1024\" \/>\n\t<meta property=\"og:image:height\" content=\"768\" \/>\n\t<meta property=\"og:image:type\" content=\"image\/jpeg\" \/>\n<script type=\"application\/ld+json\" class=\"yoast-schema-graph\">{\"@context\":\"https:\\\/\\\/schema.org\",\"@graph\":[{\"@type\":\"WebPage\",\"@id\":\"https:\\\/\\\/www.seltskonnamangud.ee\\\/morvamusteerium\\\/\",\"url\":\"https:\\\/\\\/www.seltskonnamangud.ee\\\/morvamusteerium\\\/\",\"name\":\"\u041a\u043e\u043c\u0430\u043d\u0434\u043d\u0430\u044f \u0438\u0433\u0440\u0430 \\\"\u041c\u0438\u0441\u0442\u0435\u0440\u0438\u044f \u0443\u0431\u0438\u0439\u0441\u0442\u0432\\\"\",\"isPartOf\":{\"@id\":\"https:\\\/\\\/www.seltskonnamangud.ee\\\/#website\"},\"primaryImageOfPage\":{\"@id\":\"https:\\\/\\\/www.seltskonnamangud.ee\\\/morvamusteerium\\\/#primaryimage\"},\"image\":{\"@id\":\"https:\\\/\\\/www.seltskonnamangud.ee\\\/morvamusteerium\\\/#primaryimage\"},\"thumbnailUrl\":\"https:\\\/\\\/www.seltskonnamangud.ee\\\/wp-content\\\/uploads\\\/2019\\\/01\\\/G4S-pidu-5.jpg\",\"datePublished\":\"2017-09-12T09:14:15+00:00\",\"dateModified\":\"2018-01-25T09:07:40+00:00\",\"description\":\"\u041a\u043e\u043c\u0430\u043d\u0434\u043d\u0430\u044f \u0438\u0433\u0440\u0430 \\\"\u041c\u0438\u0441\u0442\u0435\u0440\u0438\u044f \u0443\u0431\u0438\u0439\u0441\u0442\u0432\\\"\",\"breadcrumb\":{\"@id\":\"https:\\\/\\\/www.seltskonnamangud.ee\\\/morvamusteerium\\\/#breadcrumb\"},\"inLanguage\":\"ru-RU\",\"potentialAction\":[{\"@type\":\"ReadAction\",\"target\":[\"https:\\\/\\\/www.seltskonnamangud.ee\\\/morvamusteerium\\\/\"]}]},{\"@type\":\"ImageObject\",\"inLanguage\":\"ru-RU\",\"@id\":\"https:\\\/\\\/www.seltskonnamangud.ee\\\/morvamusteerium\\\/#primaryimage\",\"url\":\"https:\\\/\\\/www.seltskonnamangud.ee\\\/wp-content\\\/uploads\\\/2019\\\/01\\\/G4S-pidu-5.jpg\",\"contentUrl\":\"https:\\\/\\\/www.seltskonnamangud.ee\\\/wp-content\\\/uploads\\\/2019\\\/01\\\/G4S-pidu-5.jpg\",\"width\":1024,\"height\":768},{\"@type\":\"BreadcrumbList\",\"@id\":\"https:\\\/\\\/www.seltskonnamangud.ee\\\/morvamusteerium\\\/#breadcrumb\",\"itemListElement\":[{\"@type\":\"ListItem\",\"position\":1,\"name\":\"Avaleht\",\"item\":\"https:\\\/\\\/www.seltskonnamangud.ee\\\/\"},{\"@type\":\"ListItem\",\"position\":2,\"name\":\"\u041a\u043e\u043c\u0430\u043d\u0434\u043d\u0430\u044f \u0438\u0433\u0440\u0430 &#8220;\u041c\u0438\u0441\u0442\u0435\u0440\u0438\u044f \u0443\u0431\u0438\u0439\u0441\u0442\u0432&#8221;\"}]},{\"@type\":\"WebSite\",\"@id\":\"https:\\\/\\\/www.seltskonnamangud.ee\\\/#website\",\"url\":\"https:\\\/\\\/www.seltskonnamangud.ee\\\/\",\"name\":\"\u00d5htujuht, p\u00e4evajuht, DJ ja pulmaisa.\",\"description\":\"Pulmaisa, firmapeod ja tiimi\u00fcritused \u00fcle Eesti\",\"publisher\":{\"@id\":\"https:\\\/\\\/www.seltskonnamangud.ee\\\/#organization\"},\"potentialAction\":[{\"@type\":\"SearchAction\",\"target\":{\"@type\":\"EntryPoint\",\"urlTemplate\":\"https:\\\/\\\/www.seltskonnamangud.ee\\\/?s={search_term_string}\"},\"query-input\":{\"@type\":\"PropertyValueSpecification\",\"valueRequired\":true,\"valueName\":\"search_term_string\"}}],\"inLanguage\":\"ru-RU\"},{\"@type\":\"Organization\",\"@id\":\"https:\\\/\\\/www.seltskonnamangud.ee\\\/#organization\",\"name\":\"Gert Uuetoa peod\",\"url\":\"https:\\\/\\\/www.seltskonnamangud.ee\\\/\",\"logo\":{\"@type\":\"ImageObject\",\"inLanguage\":\"ru-RU\",\"@id\":\"https:\\\/\\\/www.seltskonnamangud.ee\\\/#\\\/schema\\\/logo\\\/image\\\/\",\"url\":\"https:\\\/\\\/www.seltskonnamangud.ee\\\/wp-content\\\/uploads\\\/2025\\\/03\\\/Seltskonna-logo-lilla.png\",\"contentUrl\":\"https:\\\/\\\/www.seltskonnamangud.ee\\\/wp-content\\\/uploads\\\/2025\\\/03\\\/Seltskonna-logo-lilla.png\",\"width\":588,\"height\":458,\"caption\":\"Gert Uuetoa peod\"},\"image\":{\"@id\":\"https:\\\/\\\/www.seltskonnamangud.ee\\\/#\\\/schema\\\/logo\\\/image\\\/\"},\"sameAs\":[\"https:\\\/\\\/www.facebook.com\\\/ohtujuht.gert.uuetoa\"]}]}<\/script>\n<!-- \/ Yoast SEO Premium plugin. -->","yoast_head_json":{"title":"\u041a\u043e\u043c\u0430\u043d\u0434\u043d\u0430\u044f \u0438\u0433\u0440\u0430 \"\u041c\u0438\u0441\u0442\u0435\u0440\u0438\u044f \u0443\u0431\u0438\u0439\u0441\u0442\u0432\"","description":"\u041a\u043e\u043c\u0430\u043d\u0434\u043d\u0430\u044f \u0438\u0433\u0440\u0430 \"\u041c\u0438\u0441\u0442\u0435\u0440\u0438\u044f \u0443\u0431\u0438\u0439\u0441\u0442\u0432\"","robots":{"index":"index","follow":"follow","max-snippet":"max-snippet:-1","max-image-preview":"max-image-preview:large","max-video-preview":"max-video-preview:-1"},"canonical":"https:\/\/www.seltskonnamangud.ee\/morvamusteerium\/","og_locale":"ru_RU","og_type":"article","og_title":"\u041a\u043e\u043c\u0430\u043d\u0434\u043d\u0430\u044f \u0438\u0433\u0440\u0430 \"\u041c\u0438\u0441\u0442\u0435\u0440\u0438\u044f \u0443\u0431\u0438\u0439\u0441\u0442\u0432\"","og_description":"\u041a\u043e\u043c\u0430\u043d\u0434\u043d\u0430\u044f \u0438\u0433\u0440\u0430 \"\u041c\u0438\u0441\u0442\u0435\u0440\u0438\u044f \u0443\u0431\u0438\u0439\u0441\u0442\u0432\"","og_url":"https:\/\/www.seltskonnamangud.ee\/morvamusteerium\/","og_site_name":"\u00d5htujuht ja Meeskonnam\u00e4ngud | Gert Uuetoa","article_publisher":"https:\/\/www.facebook.com\/ohtujuht.gert.uuetoa","article_modified_time":"2018-01-25T09:07:40+00:00","og_image":[{"width":1024,"height":768,"url":"https:\/\/www.seltskonnamangud.ee\/wp-content\/uploads\/2019\/01\/G4S-pidu-5.jpg","type":"image\/jpeg"}],"schema":{"@context":"https:\/\/schema.org","@graph":[{"@type":"WebPage","@id":"https:\/\/www.seltskonnamangud.ee\/morvamusteerium\/","url":"https:\/\/www.seltskonnamangud.ee\/morvamusteerium\/","name":"\u041a\u043e\u043c\u0430\u043d\u0434\u043d\u0430\u044f \u0438\u0433\u0440\u0430 \"\u041c\u0438\u0441\u0442\u0435\u0440\u0438\u044f \u0443\u0431\u0438\u0439\u0441\u0442\u0432\"","isPartOf":{"@id":"https:\/\/www.seltskonnamangud.ee\/#website"},"primaryImageOfPage":{"@id":"https:\/\/www.seltskonnamangud.ee\/morvamusteerium\/#primaryimage"},"image":{"@id":"https:\/\/www.seltskonnamangud.ee\/morvamusteerium\/#primaryimage"},"thumbnailUrl":"https:\/\/www.seltskonnamangud.ee\/wp-content\/uploads\/2019\/01\/G4S-pidu-5.jpg","datePublished":"2017-09-12T09:14:15+00:00","dateModified":"2018-01-25T09:07:40+00:00","description":"\u041a\u043e\u043c\u0430\u043d\u0434\u043d\u0430\u044f \u0438\u0433\u0440\u0430 \"\u041c\u0438\u0441\u0442\u0435\u0440\u0438\u044f \u0443\u0431\u0438\u0439\u0441\u0442\u0432\"","breadcrumb":{"@id":"https:\/\/www.seltskonnamangud.ee\/morvamusteerium\/#breadcrumb"},"inLanguage":"ru-RU","potentialAction":[{"@type":"ReadAction","target":["https:\/\/www.seltskonnamangud.ee\/morvamusteerium\/"]}]},{"@type":"ImageObject","inLanguage":"ru-RU","@id":"https:\/\/www.seltskonnamangud.ee\/morvamusteerium\/#primaryimage","url":"https:\/\/www.seltskonnamangud.ee\/wp-content\/uploads\/2019\/01\/G4S-pidu-5.jpg","contentUrl":"https:\/\/www.seltskonnamangud.ee\/wp-content\/uploads\/2019\/01\/G4S-pidu-5.jpg","width":1024,"height":768},{"@type":"BreadcrumbList","@id":"https:\/\/www.seltskonnamangud.ee\/morvamusteerium\/#breadcrumb","itemListElement":[{"@type":"ListItem","position":1,"name":"Avaleht","item":"https:\/\/www.seltskonnamangud.ee\/"},{"@type":"ListItem","position":2,"name":"\u041a\u043e\u043c\u0430\u043d\u0434\u043d\u0430\u044f \u0438\u0433\u0440\u0430 &#8220;\u041c\u0438\u0441\u0442\u0435\u0440\u0438\u044f \u0443\u0431\u0438\u0439\u0441\u0442\u0432&#8221;"}]},{"@type":"WebSite","@id":"https:\/\/www.seltskonnamangud.ee\/#website","url":"https:\/\/www.seltskonnamangud.ee\/","name":"\u00d5htujuht, p\u00e4evajuht, DJ ja pulmaisa.","description":"Pulmaisa, firmapeod ja tiimi\u00fcritused \u00fcle Eesti","publisher":{"@id":"https:\/\/www.seltskonnamangud.ee\/#organization"},"potentialAction":[{"@type":"SearchAction","target":{"@type":"EntryPoint","urlTemplate":"https:\/\/www.seltskonnamangud.ee\/?s={search_term_string}"},"query-input":{"@type":"PropertyValueSpecification","valueRequired":true,"valueName":"search_term_string"}}],"inLanguage":"ru-RU"},{"@type":"Organization","@id":"https:\/\/www.seltskonnamangud.ee\/#organization","name":"Gert Uuetoa peod","url":"https:\/\/www.seltskonnamangud.ee\/","logo":{"@type":"ImageObject","inLanguage":"ru-RU","@id":"https:\/\/www.seltskonnamangud.ee\/#\/schema\/logo\/image\/","url":"https:\/\/www.seltskonnamangud.ee\/wp-content\/uploads\/2025\/03\/Seltskonna-logo-lilla.png","contentUrl":"https:\/\/www.seltskonnamangud.ee\/wp-content\/uploads\/2025\/03\/Seltskonna-logo-lilla.png","width":588,"height":458,"caption":"Gert Uuetoa peod"},"image":{"@id":"https:\/\/www.seltskonnamangud.ee\/#\/schema\/logo\/image\/"},"sameAs":["https:\/\/www.facebook.com\/ohtujuht.gert.uuetoa"]}]}},"_links":{"self":[{"href":"https:\/\/www.seltskonnamangud.ee\/ru\/wp-json\/wp\/v2\/pages\/4400","targetHints":{"allow":["GET"]}}],"collection":[{"href":"https:\/\/www.seltskonnamangud.ee\/ru\/wp-json\/wp\/v2\/pages"}],"about":[{"href":"https:\/\/www.seltskonnamangud.ee\/ru\/wp-json\/wp\/v2\/types\/page"}],"author":[{"embeddable":true,"href":"https:\/\/www.seltskonnamangud.ee\/ru\/wp-json\/wp\/v2\/users\/6"}],"replies":[{"embeddable":true,"href":"https:\/\/www.seltskonnamangud.ee\/ru\/wp-json\/wp\/v2\/comments?post=4400"}],"version-history":[{"count":3,"href":"https:\/\/www.seltskonnamangud.ee\/ru\/wp-json\/wp\/v2\/pages\/4400\/revisions"}],"predecessor-version":[{"id":4403,"href":"https:\/\/www.seltskonnamangud.ee\/ru\/wp-json\/wp\/v2\/pages\/4400\/revisions\/4403"}],"wp:featuredmedia":[{"embeddable":true,"href":"https:\/\/www.seltskonnamangud.ee\/ru\/wp-json\/wp\/v2\/media\/6253"}],"wp:attachment":[{"href":"https:\/\/www.seltskonnamangud.ee\/ru\/wp-json\/wp\/v2\/media?parent=4400"}],"curies":[{"name":"wp","href":"https:\/\/api.w.org\/{rel}","templated":true}]}}