{"id":4421,"date":"2017-09-14T09:43:16","date_gmt":"2017-09-14T07:43:16","guid":{"rendered":"https:\/\/www.seltskonnamangud.ee\/%d0%ba%d0%be%d0%bc%d0%b0%d0%bd%d0%b4%d0%bd%d0%b0%d1%8f-%d0%b8%d0%b3%d1%80%d0%b0-%d1%88%d0%bf%d0%b8%d0%be%d0%bd%d1%81%d0%ba%d0%b0%d1%8f-%d0%b0%d0%ba%d0%b0%d0%b4%d0%b5%d0%bc%d0%b8%d1%8f\/"},"modified":"2018-01-25T11:09:10","modified_gmt":"2018-01-25T09:09:10","slug":"%d0%ba%d0%be%d0%bc%d0%b0%d0%bd%d0%b4%d0%bd%d0%b0%d1%8f-%d0%b8%d0%b3%d1%80%d0%b0-%d1%88%d0%bf%d0%b8%d0%be%d0%bd%d1%81%d0%ba%d0%b0%d1%8f-%d0%b0%d0%ba%d0%b0%d0%b4%d0%b5%d0%bc%d0%b8%d1%8f","status":"publish","type":"page","link":"https:\/\/www.seltskonnamangud.ee\/ru\/%d0%ba%d0%be%d0%bc%d0%b0%d0%bd%d0%b4%d0%bd%d0%b0%d1%8f-%d0%b8%d0%b3%d1%80%d0%b0-%d1%88%d0%bf%d0%b8%d0%be%d0%bd%d1%81%d0%ba%d0%b0%d1%8f-%d0%b0%d0%ba%d0%b0%d0%b4%d0%b5%d0%bc%d0%b8%d1%8f\/","title":{"rendered":"\u041a\u043e\u043c\u0430\u043d\u0434\u043d\u0430\u044f \u0438\u0433\u0440\u0430 &#171;\u0428\u043f\u0438\u043e\u043d\u0441\u043a\u0430\u044f \u0410\u043a\u0430\u0434\u0435\u043c\u0438\u044f&#187;"},"content":{"rendered":"<h1><span style=\"color: #d90b45;\">\u041a\u043e\u043c\u0430\u043d\u0434\u043d\u0430\u044f \u0438\u0433\u0440\u0430 &#171;\u0428\u043f\u0438\u043e\u043d\u0441\u043a\u0430\u044f \u0410\u043a\u0430\u0434\u0435\u043c\u0438\u044f&#187;<\/span><\/h1>\n<figure id=\"attachment_4394\" aria-describedby=\"caption-attachment-4394\" style=\"width: 250px\" class=\"wp-caption alignright\"><a href=\"https:\/\/www.seltskonnamangud.ee\/wp-content\/uploads\/2012\/02\/Runway-355.jpg\"><img fetchpriority=\"high\" decoding=\"async\" class=\"wp-image-4394 size-thumbnail\" src=\"https:\/\/www.seltskonnamangud.ee\/wp-content\/uploads\/2012\/02\/Runway-355-250x250.jpg\" alt=\"\" width=\"250\" height=\"250\" srcset=\"https:\/\/www.seltskonnamangud.ee\/wp-content\/uploads\/2012\/02\/Runway-355-250x250.jpg 250w, https:\/\/www.seltskonnamangud.ee\/wp-content\/uploads\/2012\/02\/Runway-355-85x85.jpg 85w, https:\/\/www.seltskonnamangud.ee\/wp-content\/uploads\/2012\/02\/Runway-355-80x80.jpg 80w\" sizes=\"(max-width: 250px) 100vw, 250px\" \/><\/a><figcaption id=\"caption-attachment-4394\" class=\"wp-caption-text\">\u041a\u043e\u043c\u0430\u043d\u0434\u043d\u0430\u044f \u0438\u0433\u0440\u0430 \u00ab\u0428\u043f\u0438\u043e\u043d\u0441\u043a\u0430\u044f \u0410\u043a\u0430\u0434\u0435\u043c\u0438\u044f\u00bb<\/figcaption><\/figure>\n<p>&#171;\u0428\u043f\u0438\u043e\u043d\u0441\u043a\u0430\u044f \u0410\u043a\u0430\u0434\u0435\u043c\u0438\u044f&#187; \u2014 \u044d\u0442\u043e \u0434\u043e\u0441\u0442\u0430\u0442\u043e\u0447\u043d\u043e \u0430\u043a\u0442\u0438\u0432\u043d\u0430\u044f \u043a\u043e\u043c\u0430\u043d\u0434\u043d\u0430\u044f \u0438\u0433\u0440\u0430, \u0432 \u043a\u043e\u0442\u043e\u0440\u043e\u0439 \u0438\u0433\u0440\u043e\u043a\u043e\u0432 \u0440\u0430\u0437\u0434\u0435\u043b\u044f\u044e\u0442 \u043d\u0430 \u0440\u0430\u0437\u043b\u0438\u0447\u043d\u044b\u0435 \u0440\u0430\u0437\u0432\u0435\u0434\u044b\u0432\u0430\u0442\u0435\u043b\u044c\u043d\u044b\u0435 \u043e\u0440\u0433\u0430\u043d\u0438\u0437\u0430\u0446\u0438\u0438. \u0412 \u0445\u043e\u0434\u0435 \u0438\u0433\u0440\u044b \u043d\u0443\u0436\u043d\u043e \u043f\u0440\u043e\u0439\u0442\u0438 \u043c\u043d\u043e\u0433\u043e\u0447\u0438\u0441\u043b\u0435\u043d\u043d\u044b\u0435 \u043f\u0443\u043d\u043a\u0442\u044b \u043c\u0438\u0441\u0441\u0438\u0439 \u0438 \u0432\u044b\u043f\u043e\u043b\u043d\u0438\u0442\u044c \u0440\u0430\u0437\u043b\u0438\u0447\u043d\u044b\u0435 \u0442\u0430\u043a\u0442\u0438\u0447\u0435\u0441\u043a\u0438\u0435 \u0437\u0430\u0434\u0430\u043d\u0438\u044f.<\/p>\n<p>\u0412 \u043f\u0440\u043e\u0446\u0435\u0441\u0441\u0435 \u0438\u0433\u0440\u044b:<\/p>\n<ul>\n<li>\u043f\u0435\u0440\u0435\u0434\u0430\u044e\u0442 \u0438 \u043f\u043e\u043b\u0443\u0447\u0430\u044e\u0442 \u0441\u043e\u043e\u0431\u0449\u0435\u043d\u0438\u044f \u0441 \u043f\u043e\u043c\u043e\u0449\u044c\u044e \u0430\u0437\u0431\u0443\u043a\u0438 \u041c\u043e\u0440\u0437\u0435;<\/li>\n<li>\u0441\u0442\u0440\u0435\u043b\u044f\u044e\u0442 \u0432 \u0446\u0435\u043b\u044c;<\/li>\n<li>\u043c\u0430\u0441\u043a\u0438\u0440\u0443\u044e\u0442\u0441\u044f;<\/li>\n<li>\u0434\u0435\u043b\u0430\u044e\u0442 \u043f\u043e\u0441\u0442\u0430\u043d\u043e\u0432\u043a\u0443 \u0444\u043e\u0442\u043e\u0433\u0440\u0430\u0444\u0438\u0438;<\/li>\n<li>\u0432\u0437\u043b\u044b\u043c\u044b\u0432\u0430\u044e\u0442 \u0441\u0435\u043a\u0440\u0435\u0442\u043d\u044b\u0439 \u043a\u043e\u0434;<\/li>\n<li>\u0440\u0430\u0441\u0448\u0438\u0444\u0440\u043e\u0432\u044b\u0432\u0430\u044e\u0442 \u0441\u0435\u043a\u0440\u0435\u0442\u043d\u043e\u0435 \u043f\u0438\u0441\u044c\u043c\u043e.<\/li>\n<\/ul>\n<p>\u0418\u0433\u0440\u0443 \u0438 \u043f\u0440\u0438\u0437 \u0432\u044b\u0438\u0433\u0440\u044b\u0432\u0430\u0435\u0442 \u043a\u043e\u043c\u0430\u043d\u0434\u0430, \u043a\u043e\u0442\u043e\u0440\u0430\u044f \u0441\u043e\u0431\u0435\u0440\u0435\u0442 \u0431\u043e\u043b\u044c\u0448\u0435 \u0432\u0441\u0435\u0433\u043e \u043f\u0443\u043d\u043a\u0442\u043e\u0432 \u0432 \u043c\u0438\u0441\u0441\u0438\u044f\u0445. \u0412 \u0438\u0433\u0440\u0443 \u043c\u043e\u0436\u043d\u043e \u0438\u0433\u0440\u0430\u0442\u044c \u043d\u0430 \u0441\u0432\u0435\u0436\u0435\u043c \u0432\u043e\u0437\u0434\u0443\u0445\u0435 \u0432 \u043b\u044e\u0431\u043e\u0435 \u0432\u0440\u0435\u043c\u044f \u0433\u043e\u0434\u0430.<\/p>\n<p><strong>\u041d\u0430\u0448\u0438 \u0438\u0433\u0440\u044b (\u0446\u0435\u043d\u0430 \u043e\u0442 520 EUR):<\/strong><\/p>\n<h5>\u041a\u0430\u043a \u0434\u043e\u0431\u0440\u0430\u0442\u044c\u0441\u044f<\/h5>\n<p>\u041c\u044b \u043f\u0440\u043e\u0432\u043e\u0434\u0438\u043c \u0438\u0433\u0440\u044b \u043f\u043e \u0432\u0441\u0435\u0439 \u042d\u0441\u0442\u043e\u043d\u0438\u0438 \u0432 \u0443\u0434\u043e\u0431\u043d\u043e\u043c \u0434\u043b\u044f \u0432\u0430\u0441 \u043c\u0435\u0441\u0442\u0435. \u0412 \u00ab\u0428\u043f\u0438\u043e\u043d\u0441\u043a\u0443\u044e \u0410\u043a\u0430\u0434\u0435\u043c\u0438\u044e\u00bb \u043c\u043e\u0436\u043d\u043e \u0438\u0433\u0440\u0430\u0442\u044c \u043d\u0430 \u0441\u0432\u0435\u0436\u0435\u043c \u0432\u043e\u0437\u0434\u0443\u0445\u0435 \u043a\u0440\u0443\u0433\u043b\u044b\u0439 \u0433\u043e\u0434.<\/p>\n<h3>\u041a\u043e\u043d\u0442\u0430\u043a\u0442\u043d\u044b\u0435 \u0434\u0430\u043d\u043d\u044b\u0435<\/h3>\n<p>Vaba Aja Ekspert O\u00dc \/\u00a0<a href=\"mailto:info@seltskonnamangud.ee\">info@seltskonnamangud.ee<\/a>\u00a0\/ + 372 56 222 951<\/p>\n","protected":false},"excerpt":{"rendered":"<p>\u041a\u043e\u043c\u0430\u043d\u0434\u043d\u0430\u044f \u0438\u0433\u0440\u0430 &#171;\u0428\u043f\u0438\u043e\u043d\u0441\u043a\u0430\u044f \u0410\u043a\u0430\u0434\u0435\u043c\u0438\u044f&#187; &#171;\u0428\u043f\u0438\u043e\u043d\u0441\u043a\u0430\u044f \u0410\u043a\u0430\u0434\u0435\u043c\u0438\u044f&#187; \u2014 \u044d\u0442\u043e \u0434\u043e\u0441\u0442\u0430\u0442\u043e\u0447\u043d\u043e \u0430\u043a\u0442\u0438\u0432\u043d\u0430\u044f \u043a\u043e\u043c\u0430\u043d\u0434\u043d\u0430\u044f \u0438\u0433\u0440\u0430, \u0432 \u043a\u043e\u0442\u043e\u0440\u043e\u0439 \u0438\u0433\u0440\u043e\u043a\u043e\u0432 \u0440\u0430\u0437\u0434\u0435\u043b\u044f\u044e\u0442 \u043d\u0430 \u0440\u0430\u0437\u043b\u0438\u0447\u043d\u044b\u0435 \u0440\u0430\u0437\u0432\u0435\u0434\u044b\u0432\u0430\u0442\u0435\u043b\u044c\u043d\u044b\u0435 \u043e\u0440\u0433\u0430\u043d\u0438\u0437\u0430\u0446\u0438\u0438. \u0412 \u0445\u043e\u0434\u0435 \u0438\u0433\u0440\u044b \u043d\u0443\u0436\u043d\u043e \u043f\u0440\u043e\u0439\u0442\u0438 \u043c\u043d\u043e\u0433\u043e\u0447\u0438\u0441\u043b\u0435\u043d\u043d\u044b\u0435 \u043f\u0443\u043d\u043a\u0442\u044b \u043c\u0438\u0441\u0441\u0438\u0439 \u0438 \u0432\u044b\u043f\u043e\u043b\u043d\u0438\u0442\u044c \u0440\u0430\u0437\u043b\u0438\u0447\u043d\u044b\u0435 \u0442\u0430\u043a\u0442\u0438\u0447\u0435\u0441\u043a\u0438\u0435 \u0437\u0430\u0434\u0430\u043d\u0438\u044f. \u0412 \u043f\u0440\u043e\u0446\u0435\u0441\u0441\u0435 \u0438\u0433\u0440\u044b: \u043f\u0435\u0440\u0435\u0434\u0430\u044e\u0442 \u0438 \u043f\u043e\u043b\u0443\u0447\u0430\u044e\u0442 \u0441\u043e\u043e\u0431\u0449\u0435\u043d\u0438\u044f \u0441 \u043f\u043e\u043c\u043e\u0449\u044c\u044e \u0430\u0437\u0431\u0443\u043a\u0438 \u041c\u043e\u0440\u0437\u0435; \u0441\u0442\u0440\u0435\u043b\u044f\u044e\u0442 \u0432 \u0446\u0435\u043b\u044c; \u043c\u0430\u0441\u043a\u0438\u0440\u0443\u044e\u0442\u0441\u044f; \u0434\u0435\u043b\u0430\u044e\u0442 \u043f\u043e\u0441\u0442\u0430\u043d\u043e\u0432\u043a\u0443 \u0444\u043e\u0442\u043e\u0433\u0440\u0430\u0444\u0438\u0438; \u0432\u0437\u043b\u044b\u043c\u044b\u0432\u0430\u044e\u0442 \u0441\u0435\u043a\u0440\u0435\u0442\u043d\u044b\u0439 \u043a\u043e\u0434; \u0440\u0430\u0441\u0448\u0438\u0444\u0440\u043e\u0432\u044b\u0432\u0430\u044e\u0442 [&hellip;]<\/p>\n","protected":false},"author":6,"featured_media":0,"parent":0,"menu_order":1,"comment_status":"closed","ping_status":"closed","template":"","meta":{"footnotes":""},"class_list":["post-4421","page","type-page","status-publish","hentry"],"yoast_head":"<!-- This site is optimized with the Yoast SEO Premium plugin v26.5 (Yoast SEO v27.3) - https:\/\/yoast.com\/product\/yoast-seo-premium-wordpress\/ -->\n<title>\u041a\u043e\u043c\u0430\u043d\u0434\u043d\u0430\u044f \u0438\u0433\u0440\u0430 &quot;\u0428\u043f\u0438\u043e\u043d\u0441\u043a\u0430\u044f \u0410\u043a\u0430\u0434\u0435\u043c\u0438\u044f&quot;<\/title>\n<meta name=\"description\" content=\"\u00ab\u0428\u043f\u0438\u043e\u043d\u0441\u043a\u0430\u044f \u0410\u043a\u0430\u0434\u0435\u043c\u0438\u044f\u00bb \u2014 \u044d\u0442\u043e \u0434\u043e\u0441\u0442\u0430\u0442\u043e\u0447\u043d\u043e \u0430\u043a\u0442\u0438\u0432\u043d\u0430\u044f \u043a\u043e\u043c\u0430\u043d\u0434\u043d\u0430\u044f \u0438\u0433\u0440\u0430, \u0432 \u043a\u043e\u0442\u043e\u0440\u043e\u0439 \u0438\u0433\u0440\u043e\u043a\u043e\u0432 \u0440\u0430\u0437\u0434\u0435\u043b\u044f\u044e\u0442 \u043d\u0430 \u0440\u0430\u0437\u043b\u0438\u0447\u043d\u044b\u0435 \u0440\u0430\u0437\u0432\u0435\u0434\u044b\u0432\u0430\u0442\u0435\u043b\u044c\u043d\u044b\u0435 \u043e\u0440\u0433\u0430\u043d\u0438\u0437\u0430\u0446\u0438\u0438. \u0412 \u0445\u043e\u0434\u0435 \u0438\u0433\u0440\u044b \u043d\u0443\u0436\u043d\u043e \u043f\u0440\u043e\u0439\u0442\u0438 \u043c\u043d\u043e\u0433\u043e\u0447\u0438\u0441\u043b\u0435\u043d\u043d\u044b\u0435 \u043f\u0443\u043d\u043a\u0442\u044b \u043c\u0438\u0441\u0441\u0438\u0439 \u0438 \u0432\u044b\u043f\u043e\u043b\u043d\u0438\u0442\u044c \u0440\u0430\u0437\u043b\u0438\u0447\u043d\u044b\u0435 \u0442\u0430\u043a\u0442\u0438\u0447\u0435\u0441\u043a\u0438\u0435 \u0437\u0430\u0434\u0430\u043d\u0438\u044f.\" \/>\n<meta name=\"robots\" content=\"index, follow, max-snippet:-1, max-image-preview:large, max-video-preview:-1\" \/>\n<link rel=\"canonical\" href=\"https:\/\/www.seltskonnamangud.ee\/spiooni-akadeemia\/\" \/>\n<meta property=\"og:locale\" content=\"ru_RU\" \/>\n<meta property=\"og:type\" content=\"article\" \/>\n<meta property=\"og:title\" content=\"\u041a\u043e\u043c\u0430\u043d\u0434\u043d\u0430\u044f \u0438\u0433\u0440\u0430 &quot;\u0428\u043f\u0438\u043e\u043d\u0441\u043a\u0430\u044f \u0410\u043a\u0430\u0434\u0435\u043c\u0438\u044f&quot;\" \/>\n<meta property=\"og:description\" content=\"\u00ab\u0428\u043f\u0438\u043e\u043d\u0441\u043a\u0430\u044f \u0410\u043a\u0430\u0434\u0435\u043c\u0438\u044f\u00bb \u2014 \u044d\u0442\u043e \u0434\u043e\u0441\u0442\u0430\u0442\u043e\u0447\u043d\u043e \u0430\u043a\u0442\u0438\u0432\u043d\u0430\u044f \u043a\u043e\u043c\u0430\u043d\u0434\u043d\u0430\u044f \u0438\u0433\u0440\u0430, \u0432 \u043a\u043e\u0442\u043e\u0440\u043e\u0439 \u0438\u0433\u0440\u043e\u043a\u043e\u0432 \u0440\u0430\u0437\u0434\u0435\u043b\u044f\u044e\u0442 \u043d\u0430 \u0440\u0430\u0437\u043b\u0438\u0447\u043d\u044b\u0435 \u0440\u0430\u0437\u0432\u0435\u0434\u044b\u0432\u0430\u0442\u0435\u043b\u044c\u043d\u044b\u0435 \u043e\u0440\u0433\u0430\u043d\u0438\u0437\u0430\u0446\u0438\u0438. \u0412 \u0445\u043e\u0434\u0435 \u0438\u0433\u0440\u044b \u043d\u0443\u0436\u043d\u043e \u043f\u0440\u043e\u0439\u0442\u0438 \u043c\u043d\u043e\u0433\u043e\u0447\u0438\u0441\u043b\u0435\u043d\u043d\u044b\u0435 \u043f\u0443\u043d\u043a\u0442\u044b \u043c\u0438\u0441\u0441\u0438\u0439 \u0438 \u0432\u044b\u043f\u043e\u043b\u043d\u0438\u0442\u044c \u0440\u0430\u0437\u043b\u0438\u0447\u043d\u044b\u0435 \u0442\u0430\u043a\u0442\u0438\u0447\u0435\u0441\u043a\u0438\u0435 \u0437\u0430\u0434\u0430\u043d\u0438\u044f.\" \/>\n<meta property=\"og:url\" content=\"https:\/\/www.seltskonnamangud.ee\/spiooni-akadeemia\/\" \/>\n<meta property=\"og:site_name\" content=\"\u00d5htujuht ja Meeskonnam\u00e4ngud | Gert Uuetoa\" \/>\n<meta property=\"article:publisher\" content=\"https:\/\/www.facebook.com\/ohtujuht.gert.uuetoa\" \/>\n<meta property=\"article:modified_time\" content=\"2018-01-25T09:09:10+00:00\" \/>\n<meta property=\"og:image\" content=\"https:\/\/www.seltskonnamangud.ee\/wp-content\/uploads\/2012\/02\/Runway-355-250x250.jpg\" \/>\n<script type=\"application\/ld+json\" class=\"yoast-schema-graph\">{\"@context\":\"https:\\\/\\\/schema.org\",\"@graph\":[{\"@type\":\"WebPage\",\"@id\":\"https:\\\/\\\/www.seltskonnamangud.ee\\\/spiooni-akadeemia\\\/\",\"url\":\"https:\\\/\\\/www.seltskonnamangud.ee\\\/spiooni-akadeemia\\\/\",\"name\":\"\u041a\u043e\u043c\u0430\u043d\u0434\u043d\u0430\u044f \u0438\u0433\u0440\u0430 \\\"\u0428\u043f\u0438\u043e\u043d\u0441\u043a\u0430\u044f \u0410\u043a\u0430\u0434\u0435\u043c\u0438\u044f\\\"\",\"isPartOf\":{\"@id\":\"https:\\\/\\\/www.seltskonnamangud.ee\\\/#website\"},\"primaryImageOfPage\":{\"@id\":\"https:\\\/\\\/www.seltskonnamangud.ee\\\/spiooni-akadeemia\\\/#primaryimage\"},\"image\":{\"@id\":\"https:\\\/\\\/www.seltskonnamangud.ee\\\/spiooni-akadeemia\\\/#primaryimage\"},\"thumbnailUrl\":\"https:\\\/\\\/www.seltskonnamangud.ee\\\/wp-content\\\/uploads\\\/2012\\\/02\\\/Runway-355-250x250.jpg\",\"datePublished\":\"2017-09-14T07:43:16+00:00\",\"dateModified\":\"2018-01-25T09:09:10+00:00\",\"description\":\"\u00ab\u0428\u043f\u0438\u043e\u043d\u0441\u043a\u0430\u044f \u0410\u043a\u0430\u0434\u0435\u043c\u0438\u044f\u00bb \u2014 \u044d\u0442\u043e \u0434\u043e\u0441\u0442\u0430\u0442\u043e\u0447\u043d\u043e \u0430\u043a\u0442\u0438\u0432\u043d\u0430\u044f \u043a\u043e\u043c\u0430\u043d\u0434\u043d\u0430\u044f \u0438\u0433\u0440\u0430, \u0432 \u043a\u043e\u0442\u043e\u0440\u043e\u0439 \u0438\u0433\u0440\u043e\u043a\u043e\u0432 \u0440\u0430\u0437\u0434\u0435\u043b\u044f\u044e\u0442 \u043d\u0430 \u0440\u0430\u0437\u043b\u0438\u0447\u043d\u044b\u0435 \u0440\u0430\u0437\u0432\u0435\u0434\u044b\u0432\u0430\u0442\u0435\u043b\u044c\u043d\u044b\u0435 \u043e\u0440\u0433\u0430\u043d\u0438\u0437\u0430\u0446\u0438\u0438. \u0412 \u0445\u043e\u0434\u0435 \u0438\u0433\u0440\u044b \u043d\u0443\u0436\u043d\u043e \u043f\u0440\u043e\u0439\u0442\u0438 \u043c\u043d\u043e\u0433\u043e\u0447\u0438\u0441\u043b\u0435\u043d\u043d\u044b\u0435 \u043f\u0443\u043d\u043a\u0442\u044b \u043c\u0438\u0441\u0441\u0438\u0439 \u0438 \u0432\u044b\u043f\u043e\u043b\u043d\u0438\u0442\u044c \u0440\u0430\u0437\u043b\u0438\u0447\u043d\u044b\u0435 \u0442\u0430\u043a\u0442\u0438\u0447\u0435\u0441\u043a\u0438\u0435 \u0437\u0430\u0434\u0430\u043d\u0438\u044f.\",\"breadcrumb\":{\"@id\":\"https:\\\/\\\/www.seltskonnamangud.ee\\\/spiooni-akadeemia\\\/#breadcrumb\"},\"inLanguage\":\"ru-RU\",\"potentialAction\":[{\"@type\":\"ReadAction\",\"target\":[\"https:\\\/\\\/www.seltskonnamangud.ee\\\/spiooni-akadeemia\\\/\"]}]},{\"@type\":\"ImageObject\",\"inLanguage\":\"ru-RU\",\"@id\":\"https:\\\/\\\/www.seltskonnamangud.ee\\\/spiooni-akadeemia\\\/#primaryimage\",\"url\":\"https:\\\/\\\/www.seltskonnamangud.ee\\\/wp-content\\\/uploads\\\/2012\\\/02\\\/Runway-355-250x250.jpg\",\"contentUrl\":\"https:\\\/\\\/www.seltskonnamangud.ee\\\/wp-content\\\/uploads\\\/2012\\\/02\\\/Runway-355-250x250.jpg\"},{\"@type\":\"BreadcrumbList\",\"@id\":\"https:\\\/\\\/www.seltskonnamangud.ee\\\/spiooni-akadeemia\\\/#breadcrumb\",\"itemListElement\":[{\"@type\":\"ListItem\",\"position\":1,\"name\":\"Avaleht\",\"item\":\"https:\\\/\\\/www.seltskonnamangud.ee\\\/\"},{\"@type\":\"ListItem\",\"position\":2,\"name\":\"\u041a\u043e\u043c\u0430\u043d\u0434\u043d\u0430\u044f \u0438\u0433\u0440\u0430 &#8220;\u0428\u043f\u0438\u043e\u043d\u0441\u043a\u0430\u044f \u0410\u043a\u0430\u0434\u0435\u043c\u0438\u044f&#8221;\"}]},{\"@type\":\"WebSite\",\"@id\":\"https:\\\/\\\/www.seltskonnamangud.ee\\\/#website\",\"url\":\"https:\\\/\\\/www.seltskonnamangud.ee\\\/\",\"name\":\"\u00d5htujuht, p\u00e4evajuht, DJ ja pulmaisa.\",\"description\":\"Pulmaisa, firmapeod ja tiimi\u00fcritused \u00fcle Eesti\",\"publisher\":{\"@id\":\"https:\\\/\\\/www.seltskonnamangud.ee\\\/#organization\"},\"potentialAction\":[{\"@type\":\"SearchAction\",\"target\":{\"@type\":\"EntryPoint\",\"urlTemplate\":\"https:\\\/\\\/www.seltskonnamangud.ee\\\/?s={search_term_string}\"},\"query-input\":{\"@type\":\"PropertyValueSpecification\",\"valueRequired\":true,\"valueName\":\"search_term_string\"}}],\"inLanguage\":\"ru-RU\"},{\"@type\":\"Organization\",\"@id\":\"https:\\\/\\\/www.seltskonnamangud.ee\\\/#organization\",\"name\":\"Gert Uuetoa peod\",\"url\":\"https:\\\/\\\/www.seltskonnamangud.ee\\\/\",\"logo\":{\"@type\":\"ImageObject\",\"inLanguage\":\"ru-RU\",\"@id\":\"https:\\\/\\\/www.seltskonnamangud.ee\\\/#\\\/schema\\\/logo\\\/image\\\/\",\"url\":\"https:\\\/\\\/www.seltskonnamangud.ee\\\/wp-content\\\/uploads\\\/2025\\\/03\\\/Seltskonna-logo-lilla.png\",\"contentUrl\":\"https:\\\/\\\/www.seltskonnamangud.ee\\\/wp-content\\\/uploads\\\/2025\\\/03\\\/Seltskonna-logo-lilla.png\",\"width\":588,\"height\":458,\"caption\":\"Gert Uuetoa peod\"},\"image\":{\"@id\":\"https:\\\/\\\/www.seltskonnamangud.ee\\\/#\\\/schema\\\/logo\\\/image\\\/\"},\"sameAs\":[\"https:\\\/\\\/www.facebook.com\\\/ohtujuht.gert.uuetoa\"]}]}<\/script>\n<!-- \/ Yoast SEO Premium plugin. -->","yoast_head_json":{"title":"\u041a\u043e\u043c\u0430\u043d\u0434\u043d\u0430\u044f \u0438\u0433\u0440\u0430 \"\u0428\u043f\u0438\u043e\u043d\u0441\u043a\u0430\u044f \u0410\u043a\u0430\u0434\u0435\u043c\u0438\u044f\"","description":"\u00ab\u0428\u043f\u0438\u043e\u043d\u0441\u043a\u0430\u044f \u0410\u043a\u0430\u0434\u0435\u043c\u0438\u044f\u00bb \u2014 \u044d\u0442\u043e \u0434\u043e\u0441\u0442\u0430\u0442\u043e\u0447\u043d\u043e \u0430\u043a\u0442\u0438\u0432\u043d\u0430\u044f \u043a\u043e\u043c\u0430\u043d\u0434\u043d\u0430\u044f \u0438\u0433\u0440\u0430, \u0432 \u043a\u043e\u0442\u043e\u0440\u043e\u0439 \u0438\u0433\u0440\u043e\u043a\u043e\u0432 \u0440\u0430\u0437\u0434\u0435\u043b\u044f\u044e\u0442 \u043d\u0430 \u0440\u0430\u0437\u043b\u0438\u0447\u043d\u044b\u0435 \u0440\u0430\u0437\u0432\u0435\u0434\u044b\u0432\u0430\u0442\u0435\u043b\u044c\u043d\u044b\u0435 \u043e\u0440\u0433\u0430\u043d\u0438\u0437\u0430\u0446\u0438\u0438. \u0412 \u0445\u043e\u0434\u0435 \u0438\u0433\u0440\u044b \u043d\u0443\u0436\u043d\u043e \u043f\u0440\u043e\u0439\u0442\u0438 \u043c\u043d\u043e\u0433\u043e\u0447\u0438\u0441\u043b\u0435\u043d\u043d\u044b\u0435 \u043f\u0443\u043d\u043a\u0442\u044b \u043c\u0438\u0441\u0441\u0438\u0439 \u0438 \u0432\u044b\u043f\u043e\u043b\u043d\u0438\u0442\u044c \u0440\u0430\u0437\u043b\u0438\u0447\u043d\u044b\u0435 \u0442\u0430\u043a\u0442\u0438\u0447\u0435\u0441\u043a\u0438\u0435 \u0437\u0430\u0434\u0430\u043d\u0438\u044f.","robots":{"index":"index","follow":"follow","max-snippet":"max-snippet:-1","max-image-preview":"max-image-preview:large","max-video-preview":"max-video-preview:-1"},"canonical":"https:\/\/www.seltskonnamangud.ee\/spiooni-akadeemia\/","og_locale":"ru_RU","og_type":"article","og_title":"\u041a\u043e\u043c\u0430\u043d\u0434\u043d\u0430\u044f \u0438\u0433\u0440\u0430 \"\u0428\u043f\u0438\u043e\u043d\u0441\u043a\u0430\u044f \u0410\u043a\u0430\u0434\u0435\u043c\u0438\u044f\"","og_description":"\u00ab\u0428\u043f\u0438\u043e\u043d\u0441\u043a\u0430\u044f \u0410\u043a\u0430\u0434\u0435\u043c\u0438\u044f\u00bb \u2014 \u044d\u0442\u043e \u0434\u043e\u0441\u0442\u0430\u0442\u043e\u0447\u043d\u043e \u0430\u043a\u0442\u0438\u0432\u043d\u0430\u044f \u043a\u043e\u043c\u0430\u043d\u0434\u043d\u0430\u044f \u0438\u0433\u0440\u0430, \u0432 \u043a\u043e\u0442\u043e\u0440\u043e\u0439 \u0438\u0433\u0440\u043e\u043a\u043e\u0432 \u0440\u0430\u0437\u0434\u0435\u043b\u044f\u044e\u0442 \u043d\u0430 \u0440\u0430\u0437\u043b\u0438\u0447\u043d\u044b\u0435 \u0440\u0430\u0437\u0432\u0435\u0434\u044b\u0432\u0430\u0442\u0435\u043b\u044c\u043d\u044b\u0435 \u043e\u0440\u0433\u0430\u043d\u0438\u0437\u0430\u0446\u0438\u0438. \u0412 \u0445\u043e\u0434\u0435 \u0438\u0433\u0440\u044b \u043d\u0443\u0436\u043d\u043e \u043f\u0440\u043e\u0439\u0442\u0438 \u043c\u043d\u043e\u0433\u043e\u0447\u0438\u0441\u043b\u0435\u043d\u043d\u044b\u0435 \u043f\u0443\u043d\u043a\u0442\u044b \u043c\u0438\u0441\u0441\u0438\u0439 \u0438 \u0432\u044b\u043f\u043e\u043b\u043d\u0438\u0442\u044c \u0440\u0430\u0437\u043b\u0438\u0447\u043d\u044b\u0435 \u0442\u0430\u043a\u0442\u0438\u0447\u0435\u0441\u043a\u0438\u0435 \u0437\u0430\u0434\u0430\u043d\u0438\u044f.","og_url":"https:\/\/www.seltskonnamangud.ee\/spiooni-akadeemia\/","og_site_name":"\u00d5htujuht ja Meeskonnam\u00e4ngud | Gert Uuetoa","article_publisher":"https:\/\/www.facebook.com\/ohtujuht.gert.uuetoa","article_modified_time":"2018-01-25T09:09:10+00:00","og_image":[{"url":"https:\/\/www.seltskonnamangud.ee\/wp-content\/uploads\/2012\/02\/Runway-355-250x250.jpg","type":"","width":"","height":""}],"schema":{"@context":"https:\/\/schema.org","@graph":[{"@type":"WebPage","@id":"https:\/\/www.seltskonnamangud.ee\/spiooni-akadeemia\/","url":"https:\/\/www.seltskonnamangud.ee\/spiooni-akadeemia\/","name":"\u041a\u043e\u043c\u0430\u043d\u0434\u043d\u0430\u044f \u0438\u0433\u0440\u0430 \"\u0428\u043f\u0438\u043e\u043d\u0441\u043a\u0430\u044f \u0410\u043a\u0430\u0434\u0435\u043c\u0438\u044f\"","isPartOf":{"@id":"https:\/\/www.seltskonnamangud.ee\/#website"},"primaryImageOfPage":{"@id":"https:\/\/www.seltskonnamangud.ee\/spiooni-akadeemia\/#primaryimage"},"image":{"@id":"https:\/\/www.seltskonnamangud.ee\/spiooni-akadeemia\/#primaryimage"},"thumbnailUrl":"https:\/\/www.seltskonnamangud.ee\/wp-content\/uploads\/2012\/02\/Runway-355-250x250.jpg","datePublished":"2017-09-14T07:43:16+00:00","dateModified":"2018-01-25T09:09:10+00:00","description":"\u00ab\u0428\u043f\u0438\u043e\u043d\u0441\u043a\u0430\u044f \u0410\u043a\u0430\u0434\u0435\u043c\u0438\u044f\u00bb \u2014 \u044d\u0442\u043e \u0434\u043e\u0441\u0442\u0430\u0442\u043e\u0447\u043d\u043e \u0430\u043a\u0442\u0438\u0432\u043d\u0430\u044f \u043a\u043e\u043c\u0430\u043d\u0434\u043d\u0430\u044f \u0438\u0433\u0440\u0430, \u0432 \u043a\u043e\u0442\u043e\u0440\u043e\u0439 \u0438\u0433\u0440\u043e\u043a\u043e\u0432 \u0440\u0430\u0437\u0434\u0435\u043b\u044f\u044e\u0442 \u043d\u0430 \u0440\u0430\u0437\u043b\u0438\u0447\u043d\u044b\u0435 \u0440\u0430\u0437\u0432\u0435\u0434\u044b\u0432\u0430\u0442\u0435\u043b\u044c\u043d\u044b\u0435 \u043e\u0440\u0433\u0430\u043d\u0438\u0437\u0430\u0446\u0438\u0438. \u0412 \u0445\u043e\u0434\u0435 \u0438\u0433\u0440\u044b \u043d\u0443\u0436\u043d\u043e \u043f\u0440\u043e\u0439\u0442\u0438 \u043c\u043d\u043e\u0433\u043e\u0447\u0438\u0441\u043b\u0435\u043d\u043d\u044b\u0435 \u043f\u0443\u043d\u043a\u0442\u044b \u043c\u0438\u0441\u0441\u0438\u0439 \u0438 \u0432\u044b\u043f\u043e\u043b\u043d\u0438\u0442\u044c \u0440\u0430\u0437\u043b\u0438\u0447\u043d\u044b\u0435 \u0442\u0430\u043a\u0442\u0438\u0447\u0435\u0441\u043a\u0438\u0435 \u0437\u0430\u0434\u0430\u043d\u0438\u044f.","breadcrumb":{"@id":"https:\/\/www.seltskonnamangud.ee\/spiooni-akadeemia\/#breadcrumb"},"inLanguage":"ru-RU","potentialAction":[{"@type":"ReadAction","target":["https:\/\/www.seltskonnamangud.ee\/spiooni-akadeemia\/"]}]},{"@type":"ImageObject","inLanguage":"ru-RU","@id":"https:\/\/www.seltskonnamangud.ee\/spiooni-akadeemia\/#primaryimage","url":"https:\/\/www.seltskonnamangud.ee\/wp-content\/uploads\/2012\/02\/Runway-355-250x250.jpg","contentUrl":"https:\/\/www.seltskonnamangud.ee\/wp-content\/uploads\/2012\/02\/Runway-355-250x250.jpg"},{"@type":"BreadcrumbList","@id":"https:\/\/www.seltskonnamangud.ee\/spiooni-akadeemia\/#breadcrumb","itemListElement":[{"@type":"ListItem","position":1,"name":"Avaleht","item":"https:\/\/www.seltskonnamangud.ee\/"},{"@type":"ListItem","position":2,"name":"\u041a\u043e\u043c\u0430\u043d\u0434\u043d\u0430\u044f \u0438\u0433\u0440\u0430 &#8220;\u0428\u043f\u0438\u043e\u043d\u0441\u043a\u0430\u044f \u0410\u043a\u0430\u0434\u0435\u043c\u0438\u044f&#8221;"}]},{"@type":"WebSite","@id":"https:\/\/www.seltskonnamangud.ee\/#website","url":"https:\/\/www.seltskonnamangud.ee\/","name":"\u00d5htujuht, p\u00e4evajuht, DJ ja pulmaisa.","description":"Pulmaisa, firmapeod ja tiimi\u00fcritused \u00fcle Eesti","publisher":{"@id":"https:\/\/www.seltskonnamangud.ee\/#organization"},"potentialAction":[{"@type":"SearchAction","target":{"@type":"EntryPoint","urlTemplate":"https:\/\/www.seltskonnamangud.ee\/?s={search_term_string}"},"query-input":{"@type":"PropertyValueSpecification","valueRequired":true,"valueName":"search_term_string"}}],"inLanguage":"ru-RU"},{"@type":"Organization","@id":"https:\/\/www.seltskonnamangud.ee\/#organization","name":"Gert Uuetoa peod","url":"https:\/\/www.seltskonnamangud.ee\/","logo":{"@type":"ImageObject","inLanguage":"ru-RU","@id":"https:\/\/www.seltskonnamangud.ee\/#\/schema\/logo\/image\/","url":"https:\/\/www.seltskonnamangud.ee\/wp-content\/uploads\/2025\/03\/Seltskonna-logo-lilla.png","contentUrl":"https:\/\/www.seltskonnamangud.ee\/wp-content\/uploads\/2025\/03\/Seltskonna-logo-lilla.png","width":588,"height":458,"caption":"Gert Uuetoa peod"},"image":{"@id":"https:\/\/www.seltskonnamangud.ee\/#\/schema\/logo\/image\/"},"sameAs":["https:\/\/www.facebook.com\/ohtujuht.gert.uuetoa"]}]}},"_links":{"self":[{"href":"https:\/\/www.seltskonnamangud.ee\/ru\/wp-json\/wp\/v2\/pages\/4421","targetHints":{"allow":["GET"]}}],"collection":[{"href":"https:\/\/www.seltskonnamangud.ee\/ru\/wp-json\/wp\/v2\/pages"}],"about":[{"href":"https:\/\/www.seltskonnamangud.ee\/ru\/wp-json\/wp\/v2\/types\/page"}],"author":[{"embeddable":true,"href":"https:\/\/www.seltskonnamangud.ee\/ru\/wp-json\/wp\/v2\/users\/6"}],"replies":[{"embeddable":true,"href":"https:\/\/www.seltskonnamangud.ee\/ru\/wp-json\/wp\/v2\/comments?post=4421"}],"version-history":[{"count":1,"href":"https:\/\/www.seltskonnamangud.ee\/ru\/wp-json\/wp\/v2\/pages\/4421\/revisions"}],"predecessor-version":[{"id":4580,"href":"https:\/\/www.seltskonnamangud.ee\/ru\/wp-json\/wp\/v2\/pages\/4421\/revisions\/4580"}],"wp:attachment":[{"href":"https:\/\/www.seltskonnamangud.ee\/ru\/wp-json\/wp\/v2\/media?parent=4421"}],"curies":[{"name":"wp","href":"https:\/\/api.w.org\/{rel}","templated":true}]}}